{"id":7,"date":"2011-11-17T20:02:23","date_gmt":"2011-11-17T20:02:23","guid":{"rendered":"http:\/\/showroom.nu\/almnas\/?page_id=7"},"modified":"2025-07-07T19:43:50","modified_gmt":"2025-07-07T17:43:50","slug":"skog","status":"publish","type":"page","link":"https:\/\/www.almnas.com\/sv\/skog","title":{"rendered":"Skog"},"content":{"rendered":"<p><\/p>\n<h1>Skogstj\u00e4nster och virkeshandel<\/h1>\n<h3>Almn\u00e4s Bruk bedriver sedan m\u00e5nga \u00e5r tillbaka en omfattande virkeshandel i Skaraborg med tonvikt p\u00e5 den \u00f6stra delen. Leveranserna av virke och skogsprodukter g\u00e5r direkt till industrin; fr\u00e4mst s\u00e5gverk, pappersbruk samt v\u00e4rmeverk.<\/h3>\n<p>Vi planterar, r\u00f6jer, gallrar och slutavverkar f\u00f6r v\u00e5ra uppdragsgivares r\u00e4kning samt bedriver \u00e4ven viss r\u00e5dgivning och hj\u00e4lper till med naturv\u00e5rds\u00e5tg\u00e4rder. Efter stormen Gudrun var vi i V\u00e4xj\u00f6trakten under drygt ett halv\u00e5r. Den g\u00e5ngna v\u00e5ren har vi planterat eller f\u00f6rmedlat \u00f6ver 150.000 skogsplantor. D\u00e5 vi har en egen kylcontainer uppst\u00e4lld p\u00e5 g\u00e5rden har vi alltid fr\u00e4scha plantor att erbjuda.<\/p>\n<p>Almn\u00e4s egen skogsareal uppg\u00e5r till ca 2000 ha produktiv skogsmark.\u00a0Skogsmarken \u00e4r uppdelad i sju skiften, d\u00e4r den st\u00f6rre delen, ca 1800 ha, h\u00e4nger samman med jordbruksmarken och bildar ett betydande omr\u00e5de som utg\u00f6r en stor del av Norra F\u00e5gel\u00e5s.<\/p>\n<p>Vi arbetar med andra skogs\u00e4gares skog som med v\u00e5r egen:<\/p>\n<ul>\n<li><strong>L\u00e5ngsiktighet<\/strong>. Alla \u00e5tg\u00e4rder innan slutavverkning \u00e4r investeringar i god tillv\u00e4xt och ett gott slutresultat.<\/li>\n<li><strong>Oberoende<\/strong>. Vi \u00e4r frist\u00e5ende fr\u00e5n k\u00f6parintressen och har ett gott kontaktn\u00e4t och en tillr\u00e4ckligt stor handelsvolym f\u00f6r att f\u00e5 riktigt bra priser.<\/li>\n<li><strong>K\u00e4nsla<\/strong>. Vi bryr oss om hur det ser ut i skogen efter avslutat arbete och gl\u00e4djen i de natur- och sk\u00f6nhetsv\u00e4rden som skogen ger oss.<\/li>\n<\/ul>\n<p>Vi vill med andra ord utf\u00f6ra v\u00e5ra arbeten s\u00e5 att vi alltid \u00e4r v\u00e4lkomna tillbaka.<\/p>\n<h3>\u00c4r du intresserad av att s\u00e4lja eller k\u00f6pa virke?<\/h3>\n<p>Vill du veta mera om Almn\u00e4s skogstj\u00e4nster och virkeshandel eller erbjuda dina egna tj\u00e4nster som entrepren\u00f6r, sl\u00e5 g\u00e4rna en signal till n\u00e5gon av v\u00e5ra skogsf\u00f6rvaltare.<\/p>\n<h3>Skogsf\u00f6rvaltare<\/h3>\n<p>Simon Bylund 0706854014, <a href=\"mailto:sb@almnas.com\" target=\"_blank\" rel=\"noopener\">sb@almnas.com<\/a><\/p>\n<p>Mikael Ehn 0703648334, \u00a0<a href=\"mailto:me@almnas.com\">me@almnas.com<\/a><\/p>\n<p>&nbsp;<\/p>\n<h3><span style=\"color: #336699;\">POLICY F\u00d6R Almn\u00e4s Bruk AB<\/span><\/h3>\n<p>Almn\u00e4s Bruk AB skall som f\u00f6rbrukare av skoglig r\u00e5vara och med tr\u00e4f\u00f6r\u00e4dlande industri verka f\u00f6r att verksamheten bedrivs p\u00e5 ett s\u00e5 skonsamt s\u00e4tt som m\u00f6jligt, f\u00f6r milj\u00f6n och f\u00f6r de anst\u00e4llda.<\/p>\n<p>Vi skall uppfylla g\u00e4llande lagstiftning samt f\u00f6lja PEFC och FSC\u00ae-krav och intentioner, och s\u00e5 l\u00e5ngt m\u00f6jligt f\u00f6rvissa oss om att r\u00e5varan ej kommer fr\u00e5n olaglig eller av myndigheter icke auktoriserad avverkning, skogsomr\u00e5den d\u00e4r h\u00e4vdvunna eller medborgerliga r\u00e4ttigheter kr\u00e4nks, skogar d\u00e4r h\u00f6ga bevarandev\u00e4rden \u00e4r hotade, genmanipulerade tr\u00e4d eller naturskog som har avverkats i syfte att nyttja omr\u00e5det f\u00f6r plantager eller icke skoglig markanv\u00e4ndning.<\/p>\n<p>F\u00f6lja ILO:s k\u00e4rnkonventioner g\u00e4llande:<br \/>\n\u2022 Barnarbete<br \/>\n\u2022 Tv\u00e5ngsarbete<br \/>\n\u2022 Diskriminering p\u00e5 arbetsplatsen<br \/>\n\u2022 Ansluta sig till facket, och kollektivavtal<\/p>\n<p>Verksamheten skall bedrivas och f\u00f6rb\u00e4ttras p\u00e5 ett s\u00e5dant s\u00e4tt att den eventuella negativa p\u00e5verkan p\u00e5 milj\u00f6n minskar.<\/p>\n<p>R\u00e5varan skall till st\u00f6rsta m\u00f6jliga andel komma fr\u00e5n ett milj\u00f6anpassat certifierat skogsbruk. Vi skall verka f\u00f6r att denna volym \u00f6kar.<\/p>\n<p>Vi skall p\u00e5 ett ansvarsfullt s\u00e4tt fullg\u00f6ra v\u00e5ra \u00e5tagande mot anst\u00e4llda, samh\u00e4lle, milj\u00f6 och uppdragstagare.<\/p>\n<p>Personalen skall utbildas och informeras s\u00e5 att den kan uppfylla ovanst\u00e5ende krav och intentioner.<\/p>\n<p><img decoding=\"async\" class=\"alignnone size-full wp-image-1967\" src=\"http:\/\/www.almnas.com\/wp-content\/uploads\/2025\/03\/FSC-PEFC-Godkand.jpg\" alt=\"\" width=\"615\" height=\"508\" srcset=\"https:\/\/www.almnas.com\/wp-content\/uploads\/2025\/03\/FSC-PEFC-Godkand-200x165.jpg 200w, https:\/\/www.almnas.com\/wp-content\/uploads\/2025\/03\/FSC-PEFC-Godkand-400x330.jpg 400w, https:\/\/www.almnas.com\/wp-content\/uploads\/2025\/03\/FSC-PEFC-Godkand-600x496.jpg 600w, https:\/\/www.almnas.com\/wp-content\/uploads\/2025\/03\/FSC-PEFC-Godkand.jpg 615w\" sizes=\"(max-width: 615px) 100vw, 615px\" \/><\/p>\n<p align=\"left\">Almn\u00e4s Bruk AB \u00e4r certifierat genom medlemskap i PanCert AB grupp f\u00f6r sp\u00e5rbarhet CoC<\/p>\n<p>\u2022 PanCert AB\u00a0<a href=\"https:\/\/pancert.se\/\" target=\"_blank\" rel=\"noopener\">https:\/\/pancert.se<\/a><br \/>\n\u2022 H\u00e4r kan ni finna all information om certifikaten(t) vi \u00e4r<br \/>\nanslutna till.<br \/>\n\u2022 Om kritik mot v\u00e5r sp\u00e5rbarhet ber vi er v\u00e4nligen att kontakta<br \/>\noss p\u00e5 f\u00f6retaget.<\/p>\n<p>&nbsp;<\/p>","protected":false},"excerpt":{"rendered":"<p>Skogstj\u00e4nster och virkeshandel Almn\u00e4s Bruk bedriver sedan m\u00e5nga \u00e5r tillbaka en omfattande virkeshandel i Skaraborg med tonvikt p\u00e5 den \u00f6stra [&hellip;]<\/p>\n","protected":false},"author":1,"featured_media":0,"parent":0,"menu_order":41,"comment_status":"closed","ping_status":"closed","template":"","meta":[],"_links":{"self":[{"href":"https:\/\/www.almnas.com\/sv\/wp-json\/wp\/v2\/pages\/7"}],"collection":[{"href":"https:\/\/www.almnas.com\/sv\/wp-json\/wp\/v2\/pages"}],"about":[{"href":"https:\/\/www.almnas.com\/sv\/wp-json\/wp\/v2\/types\/page"}],"author":[{"embeddable":true,"href":"https:\/\/www.almnas.com\/sv\/wp-json\/wp\/v2\/users\/1"}],"replies":[{"embeddable":true,"href":"https:\/\/www.almnas.com\/sv\/wp-json\/wp\/v2\/comments?post=7"}],"version-history":[{"count":31,"href":"https:\/\/www.almnas.com\/sv\/wp-json\/wp\/v2\/pages\/7\/revisions"}],"predecessor-version":[{"id":2053,"href":"https:\/\/www.almnas.com\/sv\/wp-json\/wp\/v2\/pages\/7\/revisions\/2053"}],"wp:attachment":[{"href":"https:\/\/www.almnas.com\/sv\/wp-json\/wp\/v2\/media?parent=7"}],"curies":[{"name":"wp","href":"https:\/\/api.w.org\/{rel}","templated":true}]}}