{"id":536,"date":"2015-06-04T10:41:29","date_gmt":"2015-06-04T08:41:29","guid":{"rendered":"http:\/\/www.almnas.com\/?page_id=536"},"modified":"2026-04-09T16:39:21","modified_gmt":"2026-04-09T14:39:21","slug":"elhandel","status":"publish","type":"page","link":"https:\/\/www.almnas.com\/sv\/elhandel","title":{"rendered":"El"},"content":{"rendered":"<p><\/p>\n<h1>Eln\u00e4t och elhandel<\/h1>\n<h3>Almn\u00e4s Bruk \u00e4ger eln\u00e4tet p\u00e5 landsbygden direkt s\u00f6der om Hjo t\u00e4tort.<\/h3>\n<p>Vi f\u00f6rbrukar sj\u00e4lva ungef\u00e4r 40% av den kraft vi k\u00f6per in. N\u00e4tet har ca 310 abonnenter, huvudsakligen lantbruk och privata hush\u00e5ll samt fritidsbost\u00e4der.<\/p>\n<p>Ett vindkraftverk, bel\u00e4get p\u00e5 Hj\u00e4ll\u00f6 g\u00e5rd \u00e4r anslutet till n\u00e4tet. All el som distribueras \u00e4r s\u00e5 kallad gr\u00f6n f\u00f6rnybar el.<\/p>\n<ul>\n<li><a href=\"http:\/\/www.almnas.com\/wp-content\/uploads\/2020\/08\/Konsumentens-r\u00e4ttigheter.pdf\">Konsumentens r\u00e4ttigheter<\/a><\/li>\n<li><a href=\"http:\/\/www.almnas.com\/wp-content\/uploads\/2020\/08\/Angerratt-1.pdf\">\u00c5ngerr\u00e4tt<\/a><\/li>\n<\/ul>\n<h1>Eln\u00e4t<\/h1>\n<ul>\n<li style=\"list-style-type: none;\">\n<ul>\n<li><a href=\"http:\/\/www.almnas.com\/wp-content\/uploads\/2020\/08\/Allm\u00e4nna-avtalsvillkor-N\u00c4T-2012-K-rev2-konsument.pdf\">Allm\u00e4nna avtalsvillkor N\u00c4T 2012 K (rev2) konsument<\/a><\/li>\n<li><a href=\"http:\/\/www.almnas.com\/wp-content\/uploads\/2020\/08\/Allm\u00e4nna-avtalsvillkor-N\u00c4T-2012-N-rev-n\u00e4ringsidkare.pdf\">Allm\u00e4nna avtalsvillkor N\u00c4T 2012 N (rev) n\u00e4ringsidkare<\/a><\/li>\n<li><a href=\"http:\/\/www.almnas.com\/wp-content\/uploads\/2020\/08\/Avbrottsersattning_2020.pdf\">Avbrottsers\u00e4ttning_2020<\/a><\/li>\n<li><a href=\"http:\/\/www.almnas.com\/wp-content\/uploads\/2023\/05\/TARIFF-2023-Mvs.pdf\">TARIFF 2023 Mvs<\/a><\/li>\n<li><a href=\"http:\/\/www.almnas.com\/wp-content\/uploads\/2020\/08\/Leveranssakerheten-_2019.pdf\">Leveranssakerheten _2019<\/a><\/li>\n<li><a href=\"http:\/\/www.almnas.com\/wp-content\/uploads\/2020\/08\/Almn\u00e4s-Bruk-Hemsideinfo-GDPR.pdf\">Almn\u00e4s Bruk Hemsideinfo GDPR<\/a><\/li>\n<li><a href=\"http:\/\/www.almnas.com\/wp-content\/uploads\/2025\/06\/Information-till-elanvandare-och-energitjansteforetag-gallande-tillgang-till-matvarden.pdf\">Information till elanv\u00e4ndare och energitj\u00e4nstef\u00f6retag g\u00e4llande tillg\u00e5ng till m\u00e4tv\u00e4rden<\/a><\/li>\n<\/ul>\n<\/li>\n<\/ul>\n<p><a href=\"http:\/\/www.almnas.com\/wp-content\/uploads\/2026\/02\/Arlig_rapport_om_atgarder_enligt_overvakningsplan-Rapport_Atgarder_Overvakningplan_2026-02-03.pdf\">\u00c5rlig_rapport_om_\u00e5tg\u00e4rder_enligt_\u00f6vervakningsplan-Rapport_\u00c5tg\u00e4rder_\u00d6vervakningplan_2026-02-03<\/a><br \/>\n<a href=\"http:\/\/www.almnas.com\/wp-content\/uploads\/2025\/05\/Natutvecklingsplan-2025-2034-resultat-av-samrad-Almnas-Elnat-1.pdf\">N\u00e4tutvecklingsplan 2025-2034 resultat av samr\u00e5d Almn\u00e4s Eln\u00e4t<\/a><br \/>\n<a href=\"http:\/\/www.almnas.com\/wp-content\/uploads\/2025\/05\/Natutvecklingsplan-Almnas-Elnat-AB.pdf\">N\u00e4tutvecklingsplan Almn\u00e4s Eln\u00e4t AB<\/a><\/p>\n<h1>Elhandel<\/h1>\n<ul>\n<li style=\"list-style-type: none;\">\n<ul>\n<li><a href=\"http:\/\/www.almnas.com\/wp-content\/uploads\/2020\/08\/Allm\u00e4nna-avtalsvillkor-EL-2012-K-rev2-konsument.pdf\">Allm\u00e4nna avtalsvillkor EL 2012 K (rev2) konsument<\/a><\/li>\n<li><a href=\"http:\/\/www.almnas.com\/wp-content\/uploads\/2020\/08\/Allm\u00e4nna-avtalsvillkor-EL-2012-N-rev-n\u00e4ringsidkare.pdf\">Allm\u00e4nna avtalsvillkor EL 2012 N (rev) n\u00e4ringsidkare<\/a><\/li>\n<li><a href=\"http:\/\/www.almnas.com\/wp-content\/uploads\/2020\/08\/Sarskilda-villkor-for-forsaljning-av-el-konsument-2020.pdf\">S\u00e4rskilda villkor f\u00f6r f\u00f6rs\u00e4ljning av el -konsument (t.o.m. 2023-01-31)<\/a><\/li>\n<li><a href=\"http:\/\/www.almnas.com\/wp-content\/uploads\/2020\/08\/Sarskilda-villkor-for-forsaljning-av-el-naringsidkare-2-2020.pdf\">S\u00e4rskilda villkor f\u00f6r f\u00f6rs\u00e4ljning av el -n\u00e4ringsidkare (2)(t.o.m. 2023-01-31)<\/a><\/li>\n<li><a href=\"http:\/\/www.almnas.com\/wp-content\/uploads\/2023\/02\/Elhandel-Sarskilda-villkor-for-konsument-naring-fr.om_.-2023-02-01.pdf\">Elhandel S\u00e4rskilda villkor f\u00f6r konsument n\u00e4ring (t.o.m. 2024-10-31)<\/a><\/li>\n<li><a href=\"http:\/\/www.almnas.com\/wp-content\/uploads\/2025\/01\/Elhandel-Sarskilda-villkor-for-forsaljning-av-el-fr-o-m-2024-11-01.pdf\">Elhandel S\u00e4rskilda villkor f\u00f6r f\u00f6rs\u00e4ljning av el (fr o m 2024-11-01)<\/a><\/li>\n<li><a href=\"http:\/\/www.almnas.com\/wp-content\/uploads\/2020\/06\/Elens-ursprung-Milj\u00f6p\u00e5verkan-2019.pdf\">Elens ursprung &#8211; Milj\u00f6p\u00e5verkan 2019<\/a><\/li>\n<li><a href=\"http:\/\/www.almnas.com\/wp-content\/uploads\/2026\/04\/Elhandel-Elpriser-april-2026-1.pdf\">Elhandel Elpriser april 2026<\/a>\n<\/ul>\n<\/li>\n<\/ul>\n<p><\/p>","protected":false},"excerpt":{"rendered":"<p>Eln\u00e4t och elhandel Almn\u00e4s Bruk \u00e4ger eln\u00e4tet p\u00e5 landsbygden direkt s\u00f6der om Hjo t\u00e4tort. Vi f\u00f6rbrukar sj\u00e4lva ungef\u00e4r 40% av [&hellip;]<\/p>\n","protected":false},"author":3,"featured_media":0,"parent":0,"menu_order":46,"comment_status":"closed","ping_status":"open","template":"","meta":[],"_links":{"self":[{"href":"https:\/\/www.almnas.com\/sv\/wp-json\/wp\/v2\/pages\/536"}],"collection":[{"href":"https:\/\/www.almnas.com\/sv\/wp-json\/wp\/v2\/pages"}],"about":[{"href":"https:\/\/www.almnas.com\/sv\/wp-json\/wp\/v2\/types\/page"}],"author":[{"embeddable":true,"href":"https:\/\/www.almnas.com\/sv\/wp-json\/wp\/v2\/users\/3"}],"replies":[{"embeddable":true,"href":"https:\/\/www.almnas.com\/sv\/wp-json\/wp\/v2\/comments?post=536"}],"version-history":[{"count":150,"href":"https:\/\/www.almnas.com\/sv\/wp-json\/wp\/v2\/pages\/536\/revisions"}],"predecessor-version":[{"id":2105,"href":"https:\/\/www.almnas.com\/sv\/wp-json\/wp\/v2\/pages\/536\/revisions\/2105"}],"wp:attachment":[{"href":"https:\/\/www.almnas.com\/sv\/wp-json\/wp\/v2\/media?parent=536"}],"curies":[{"name":"wp","href":"https:\/\/api.w.org\/{rel}","templated":true}]}}