{"id":113,"date":"2014-04-01T14:11:24","date_gmt":"2014-04-01T14:11:24","guid":{"rendered":"http:\/\/showroom.nu\/almnas\/?page_id=113"},"modified":"2025-05-02T15:58:37","modified_gmt":"2025-05-02T13:58:37","slug":"lediga-jobb","status":"publish","type":"page","link":"https:\/\/www.almnas.com\/sv\/almnas-bruk\/lediga-jobb","title":{"rendered":"Lediga jobb"},"content":{"rendered":"<p><\/p>\n<h1>Vill du jobba p\u00e5 Almn\u00e4s?<\/h1>\n<h3>Vi s\u00f6ker kontakt med dig som delar v\u00e5ra v\u00e4rderingar om personligt ansvar och engagemang. P\u00e5 Almn\u00e4s Bruk blir du en del i ett mycket trevligt g\u00e4ng och f\u00e5r utm\u00e4rkta m\u00f6jligheter att utvecklas och l\u00e4ra dig allt om hur man driver ett modernt ekologiskt jordbruk med b\u00e5de v\u00e4xtodling och djurh\u00e5llning.<\/h3>\n<p>\u00c4r du intresserad av att veta mera om jobbm\u00f6jligheterna p\u00e5 Almn\u00e4s, skicka en kort presentation av dig sj\u00e4lv till v\u00e5r jordbruksf\u00f6rvaltare.<\/p>\n<p><strong>Jordbruksf\u00f6rvaltare<\/strong><br \/>\nAnders Widinghoff, 0706273707, <a href=\"mailto:aw@almnas.com\" target=\"_blank\" rel=\"noopener noreferrer\">aw@almnas.com<\/a><\/p>","protected":false},"excerpt":{"rendered":"<p>Vill du jobba p\u00e5 Almn\u00e4s? Vi s\u00f6ker kontakt med dig som delar v\u00e5ra v\u00e4rderingar om personligt ansvar och engagemang. P\u00e5 [&hellip;]<\/p>\n","protected":false},"author":1,"featured_media":0,"parent":108,"menu_order":4,"comment_status":"closed","ping_status":"open","template":"","meta":[],"_links":{"self":[{"href":"https:\/\/www.almnas.com\/sv\/wp-json\/wp\/v2\/pages\/113"}],"collection":[{"href":"https:\/\/www.almnas.com\/sv\/wp-json\/wp\/v2\/pages"}],"about":[{"href":"https:\/\/www.almnas.com\/sv\/wp-json\/wp\/v2\/types\/page"}],"author":[{"embeddable":true,"href":"https:\/\/www.almnas.com\/sv\/wp-json\/wp\/v2\/users\/1"}],"replies":[{"embeddable":true,"href":"https:\/\/www.almnas.com\/sv\/wp-json\/wp\/v2\/comments?post=113"}],"version-history":[{"count":14,"href":"https:\/\/www.almnas.com\/sv\/wp-json\/wp\/v2\/pages\/113\/revisions"}],"predecessor-version":[{"id":1983,"href":"https:\/\/www.almnas.com\/sv\/wp-json\/wp\/v2\/pages\/113\/revisions\/1983"}],"up":[{"embeddable":true,"href":"https:\/\/www.almnas.com\/sv\/wp-json\/wp\/v2\/pages\/108"}],"wp:attachment":[{"href":"https:\/\/www.almnas.com\/sv\/wp-json\/wp\/v2\/media?parent=113"}],"curies":[{"name":"wp","href":"https:\/\/api.w.org\/{rel}","templated":true}]}}