{"id":85,"date":"2012-03-07T14:14:09","date_gmt":"2012-03-07T14:14:09","guid":{"rendered":"http:\/\/showroom.nu\/almnas\/?page_id=85"},"modified":"2026-02-26T08:24:13","modified_gmt":"2026-02-26T07:24:13","slug":"har-hittar-du-vara-ostar","status":"publish","type":"page","link":"https:\/\/www.almnas.com\/en\/ost\/har-hittar-du-vara-ostar","title":{"rendered":"Where to find our cheese"},"content":{"rendered":"<p><\/p>\n<h1>Find our cheese!<\/h1>\n<div class=\"fusion-layout-column fusion_builder_column fusion-builder-column-2 fusion_builder_column_1_2 1_2 fusion-one-half fusion-column-first\" style=\"--awb-bg-size:cover;width:48%; margin-right: 4%;\"><div class=\"fusion-column-wrapper fusion-flex-column-wrapper-legacy\">\n<h2>Sweden<\/h2>\n<h3>G\u00f6teborg<\/h3>\n<ul>\n<li>Gudagott Svenska Delikatesser<\/li>\n<li>Hugo Ericsons Ost i Saluhallen<\/li>\n<li>Kooperativ Handel Fram, Haga\/Linn\u00e9<\/li>\n<li>Ost Anders HB<\/li>\n<li>Saluhallen Deli &amp; Vilt AB, Majorna<\/li>\n<li>City Ysteriet<\/li>\n<li>Cum Pane Br\u00f6d &amp; Mat, Olskroken<\/li>\n<li>Koka, Haga<\/li>\n<li>Nya Linn\u00e9gatans Ost, Haga<\/li>\n<li>Poppels Citybryggeri,\u00a0 Heden<\/li>\n<li>Carbon, Heden<\/li>\n<li>Restaurang, Heden<\/li>\n<\/ul>\n<h3>Stockholm<\/h3>\n<ul>\n<li>Fromageriet H\u00f6torgshallen<\/li>\n<li>Sabis F\u00e4lt\u00f6versten<\/li>\n<li>Holl\u00e4ndska Ostar Stockholm<\/li>\n<li>Wijnjas Grosshandel<\/li>\n<li>Melanders fisk och vilt \u00d6stermalmshallen<\/li>\n<li>Park bageri och konditori, Bromma<\/li>\n<li>A Tavola, Vasastaden<\/li>\n<li>Bageri Swedenborgsgatan, S\u00f6dermalm<\/li>\n<li>Bergfalk &amp; CO, \u00c4lvsj\u00f6<\/li>\n<li>Silvertjuren, Norrmalm<\/li>\n<\/ul>\n<h3>Gotland<\/h3>\n<ul>\n<li>Wisby Ost, Visby<\/li>\n<\/ul>\n<h3>Sk\u00e5ne<\/h3>\n<ul>\n<li>M\u00f6llans Ost, Malm\u00f6 H\u00e4r b\u00f6rjade v\u00e5r resa 2004 med ett inspirerande bes\u00f6k hos Peter M\u00e5rtensson!<\/li>\n<li>Ost och Delibar, H\u00f6gan\u00e4s<\/li>\n<li>Reko Deli, Lund<\/li>\n<li>Humlalyckan, S\u00f6sdala<\/li>\n<li>Osthuset, Lund<\/li>\n<li>Pm &amp; V\u00e4nner Restaurang, V\u00e4xsj\u00f6<\/li>\n<li>Reko Deli, Lund<\/li>\n<li>Ruth A&amp;N Restaurang, Malm\u00f6<\/li>\n<li>Nyrups Osteria, H\u00f6\u00f6r<\/li>\n<li>Ost &amp; Delibaren, H\u00f6gan\u00e4s<\/li>\n<li>Kullabergs Ving\u00e5rd, Nyhamnsl\u00e4ge<\/li>\n<\/ul>\n<h3>Blekinge<\/h3>\n<ul>\n<li>Caf\u00e9 Mandelt\u00e5rtan B&amp;B, Ronneby<\/li>\n<li>Orran\u00e4s G\u00e5rdsmejeri, J\u00e4mj\u00f6<\/li>\n<\/ul>\n<h3>Sm\u00e5land<\/h3>\n<ul>\n<li>Apotekarns Goda Smaker, Tran\u00e5s<\/li>\n<li>NB Mat i J\u00f6nk\u00f6ping, Bl\u00e5heds Gastronomi, J\u00f6nk\u00f6ping<\/li>\n<li>Rudu Grosshandel AB, Huskvarna<\/li>\n<li>ASA Herrg\u00e5rd, Lammhult<\/li>\n<\/ul>\n<h3>V\u00e4sterg\u00f6tland<\/h3>\n<ul>\n<li>Sivans Ost, Vara<\/li>\n<li>Mellbygatans ost &amp; Delikatesser, Lidk\u00f6ping<\/li>\n<li>Delicatezza Bianca, Hjo<\/li>\n<li>Blommans frukt &amp; Gr\u00f6nt, Tibro<\/li>\n<li>Planeten Ekobutiken, Alings\u00e5s<\/li>\n<li>Falbygdens Osteria, Falk\u00f6ping<\/li>\n<li>V\u00e4nersborgs osthall, V\u00e4nersborg<\/li>\n<li>Brandstorps Lanthandel och Caf\u00e9, Brandstorp<\/li>\n<li>Garage Fromage, Lerum<\/li>\n<li>H\u00e4llingsbo Chark, Gr\u00e5bo<\/li>\n<li>Lilla Sp\u00e4nnefalla, Tibro<\/li>\n<li>L\u00e4ck\u00f6 k\u00f6tt, Lidk\u00f6ping<\/li>\n<li>Sill &amp; Dynamit, Mariestad<\/li>\n<li>Bergs G\u00e5rdsbutik &amp; R\u00f6keri, Dingle<\/li>\n<li>Bitterna \u00c5katorp, Vedum<\/li>\n<li>Bondens Skafferi V\u00e4st, Alings\u00e5s<\/li>\n<li>Gr\u00f6nsakshuset i Norden, Sk\u00f6vde<\/li>\n<li>Knistad Hotell &amp; Konferens, Sk\u00f6vde<\/li>\n<li>Korvhantverk, Stillings\u00f6n<\/li>\n<li>Lilla Lab\u00e4ck, Lidk\u00f6ping<\/li>\n<li>L\u00f6fwings Atelje &amp; Krog, Broddetorp<\/li>\n<li>Nolbyg\u00e5rds Ekobageri, Alings\u00e5s<\/li>\n<li>Norrkvarna Hotell, Lyrestad<\/li>\n<li>Hellekis s\u00e4teri, Hellekis<\/li>\n<\/ul>\n<h3>Halland<\/h3>\n<ul>\n<li>Bubbel &amp; Brie, Kungsbacka<\/li>\n<li>Feldts Skolberget, Halmstad<\/li>\n<li>Spiseriet, Varberg<\/li>\n<\/ul>\n<h3>Bohusl\u00e4n<\/h3>\n<ul>\n<li>Lars &amp; Menas Stenungsbageri AB, Hunnebostrand<\/li>\n<li>Lottas Bak &amp; Form, Tj\u00f6rn, Bleket<\/li>\n<li>Bak-Axeln, Bleket<\/li>\n<li>Bottnafjordens Ink\u00f6psf\u00f6rening ekonomisk f\u00f6rening, Hamburgsund<\/li>\n<li>Koller\u00f6ds Skafferi &amp; Tr\u00e4dg\u00e5rd, Tj\u00f6rn<\/li>\n<li>Hoga Saluhall, Tj\u00f6rn<\/li>\n<\/ul>\n<h3>\u00d6sterg\u00f6tland<\/h3>\n<ul>\n<li>Norins ost, Norrk\u00f6ping<\/li>\n<li>Norins ost, Link\u00f6ping<\/li>\n<li>Magasinet Kr\u00e5keryd, V\u00e4derstad<\/li>\n<li>Skedet Must &amp; Tr\u00e4dg\u00e5rd, Skedet<\/li>\n<li>Bondensskafferi \u00d6st, Mantorp<\/li>\n<\/ul>\n<h3>S\u00f6dermanland<\/h3>\n<ul>\n<li>Blommor &amp; Brie, Torsh\u00e4ll<\/li>\n<li>Turinge ost och vin, Nyk\u00f6ping<\/li>\n<li>Svenska Ekologiska Bageriet, Kumla<\/li>\n<li>De Vilda, J\u00e4rna<\/li>\n<li>Kollektivet i H\u00f6kis, Farsta<\/li>\n<li>ICA Kvantum, Tyres\u00f6<\/li>\n<\/ul>\n<h3>Uppland<\/h3>\n<ul>\n<li>Josefsons Lanthandel, Uppsala<\/li>\n<li>Fastbols G\u00e5rdsbutik, Alunda<\/li>\n<li>Fabrik\u00f6r Appelgren, Bromma<\/li>\n<li>La Case, Knivsta<\/li>\n<\/ul>\n<h3>N\u00e4rke<\/h3>\n<ul>\n<li>Ekobutiken i Stadstr\u00e4dg\u00e5rden, \u00d6rebro<\/li>\n<li>\u00d6rebro ost, \u00d6rebro<\/li>\n<li>Berga Matgl\u00e4dje, Fjugesta<\/li>\n<li>Aktiebolaget Arne, \u00d6rebro<\/li>\n<\/ul>\n<h3>V\u00e4stmanland<\/h3>\n<ul>\n<li>Nora\u00b4s ost och delikatess, Nora<\/li>\n<li>Hjulsj\u00f6 103, H\u00e4llefors<\/li>\n<li>Genbergs Sommarcaf\u00e9, Virsbo<\/li>\n<\/ul>\n<h3>V\u00e4rmland<\/h3>\n<ul>\n<li>Artisan Bread, Karlstad<\/li>\n<li>Hygns Vilt, Kristinehamn<\/li>\n<\/ul>\n<h3>H\u00e4rjedalen<\/h3>\n<ul>\n<li class=\"LC20lb MBeuO DKV0Md\">Jazzk\u00f6ket\/Saluhallen, \u00d6stersund<\/li>\n<li>Unders\u00e5ker Charkuterifabrik<\/li>\n<\/ul>\n<h3><span style=\"font-size: 16px;\">Dalarna<\/span><\/h3>\n<ul>\n<li>Privoleva AB, Stora Skedvi<\/li>\n<\/ul>\n<h3><span style=\"font-size: 16px;\">V\u00e4sterbotten<\/span><\/h3>\n<ul>\n<li>G\u00e5rdshem, Ume\u00e5<\/li>\n<\/ul>\n<h3><span style=\"font-size: 16px;\">J\u00e4mtland<\/span><\/h3>\n<ul>\n<li>Made By Allis, Fr\u00f6s\u00f6n<\/li>\n<\/ul>\n<h3><span style=\"font-size: 16px;\">\u00c5ngermanland<\/span><\/h3>\n<ul>\n<li>Matstudio S20, \u00d6rnsk\u00f6ldsvik<\/li>\n<\/ul>\n<p><div class=\"fusion-clearfix\"><\/div><\/div><\/div><div class=\"fusion-layout-column fusion_builder_column fusion-builder-column-3 fusion_builder_column_1_2 1_2 fusion-one-half fusion-column-last\" style=\"--awb-bg-size:cover;width:48%;\"><div class=\"fusion-column-wrapper fusion-flex-column-wrapper-legacy\"><\/p>\n<h2>Internationellt<\/h2>\n<h3>Norway<\/h3>\n<ul>\n<li>Gutta pa haugen, Oslo<\/li>\n<li>Matcompaniet, Oslo<\/li>\n<\/ul>\n<h3>Denmark<\/h3>\n<ul>\n<li>HKI ost, Ish\u00f8j<\/li>\n<\/ul>\n<h3>Finland<\/h3>\n<ul>\n<li>Donier Gastronomi, Vanda<\/li>\n<\/ul>\n<h3><span style=\"font-size: 16px;\">\u00c5land<\/span><\/h3>\n<ul>\n<li>AB Mariehamns Parti, Mariehamn<\/li>\n<\/ul>\n<h3>Great Britain<\/h3>\n<ul>\n<li>Culinaris, Cambridge<\/li>\n<li>The Fine Cheese co, Bath<\/li>\n<li>La Fromagerie, London<\/li>\n<\/ul>\n<h3>France<\/h3>\n<ul>\n<li>Sarl Cheese Your Life,<\/li>\n<li>COW &#8211; Cheese(s) Of The World, Paris<\/li>\n<li>Fromagerie Galland, Lyon<\/li>\n<\/ul>\n<h3>Germany<\/h3>\n<ul>\n<li>Kaasaffineurs Van Tricht, Antwerp<\/li>\n<li>Knippenbergs &#8211; Lust Auf K\u00e4se, Berlin<\/li>\n<\/ul>\n<h3>Netherlands<\/h3>\n<ul>\n<li>L\u00b4Amuse BV, Amsterdam<\/li>\n<\/ul>\n<h3>Spain<\/h3>\n<ul>\n<li>Ardai SLU, Barcelona<\/li>\n<li>Coalla Logistica S.L. , Gilj\u00f3n, Asturias<\/li>\n<\/ul>\n<h3>Hungary<\/h3>\n<ul>\n<li>Culinaris Fine Food and Spices, Budapest<\/li>\n<\/ul>\n<h3>Canada<\/h3>\n<ul>\n<li>Cultured Fine Cheese, Yukon<\/li>\n<li>Les D\u00e9pendances,<\/li>\n<\/ul>\n<h3>USA<\/h3>\n<ul>\n<li>Columbia Cheese Inc, New York<\/li>\n<\/ul>\n<p><div class=\"fusion-clearfix\"><\/div><\/div><\/div><\/p>","protected":false},"excerpt":{"rendered":"<p>Find our cheese!<\/p>\n","protected":false},"author":1,"featured_media":0,"parent":406,"menu_order":6,"comment_status":"closed","ping_status":"closed","template":"","meta":[],"_links":{"self":[{"href":"https:\/\/www.almnas.com\/en\/wp-json\/wp\/v2\/pages\/85"}],"collection":[{"href":"https:\/\/www.almnas.com\/en\/wp-json\/wp\/v2\/pages"}],"about":[{"href":"https:\/\/www.almnas.com\/en\/wp-json\/wp\/v2\/types\/page"}],"author":[{"embeddable":true,"href":"https:\/\/www.almnas.com\/en\/wp-json\/wp\/v2\/users\/1"}],"replies":[{"embeddable":true,"href":"https:\/\/www.almnas.com\/en\/wp-json\/wp\/v2\/comments?post=85"}],"version-history":[{"count":107,"href":"https:\/\/www.almnas.com\/en\/wp-json\/wp\/v2\/pages\/85\/revisions"}],"predecessor-version":[{"id":2091,"href":"https:\/\/www.almnas.com\/en\/wp-json\/wp\/v2\/pages\/85\/revisions\/2091"}],"up":[{"embeddable":true,"href":"https:\/\/www.almnas.com\/en\/wp-json\/wp\/v2\/pages\/406"}],"wp:attachment":[{"href":"https:\/\/www.almnas.com\/en\/wp-json\/wp\/v2\/media?parent=85"}],"curies":[{"name":"wp","href":"https:\/\/api.w.org\/{rel}","templated":true}]}}