{"id":168,"date":"2014-04-01T14:52:55","date_gmt":"2014-04-01T14:52:55","guid":{"rendered":"http:\/\/showroom.nu\/almnas\/?page_id=168"},"modified":"2022-09-19T11:57:40","modified_gmt":"2022-09-19T09:57:40","slug":"wrangeback-sweden","status":"publish","type":"page","link":"https:\/\/www.almnas.com\/en\/ost\/wrangeback-sweden","title":{"rendered":"Ost &#8211; Wr\u00e5ngeb\u00e4ck"},"content":{"rendered":"<p><\/p>\n<h1>Wr\u00e5ngeb\u00e4ck Sweden<\/h1>\n<h2>The first cheese in Northern Europe to receive Protected Designation of Origin status<\/h2>\n<h3>It is with great pride that we announce that our Wr\u00e5ngeb\u00e4ck cheese has received Protected Designation of Origin (PDO) status from the European Union. As the first cheese in the Nordic region to achieve this designation, Wr\u00e5ngeb\u00e4ck reflects the commitment at our farm, Almn\u00e4s Bruk, to nurture local food production that builds upon Swedish agricultural history and practice<\/h3>\n<h3><strong>Read more:<\/strong> <a href=\"http:\/\/www.almnas.com\/wp-content\/uploads\/2022\/09\/Almna\u0308s_PDO_brochure_21x21_WEB_UK.pdf\">Almna\u0308s PDO folder<\/a><\/h3>\n<h3>Almn\u00e4s registered the brand Wr\u00e5ngeb\u00e4ck Sweden on April 8, 1889, making it Sweden\u2019s oldest registered cheese brand. Every round produced since that time bears the imprint, Wr\u00e5ngeb\u00e4ck Sweden.<\/h3>\n<p>The brand\u2019s longevity and respected status means that Wr\u00e5ngeb\u00e4ck features in some interesting moments in Swedish history. In 1896, Wr\u00e5ngeb\u00e4ck was served at the farewell dinner hosted by the Garden Society of Gothenburg for the famous Swedish balloonist Andr\u00e9e, prior to his ill-fated North Pole expedition. We have the original menu in the Almn\u00e4s archive. Guests at the 500th anniversary dinner of the first Swedish Parliament in 1935 enjoyed Wr\u00e5ngeb\u00e4ck cheese. The cheese was served a year later at a charity event at Haga Castle in Stockholm, organized by Crown Princess Sibylla. We have the original orders from Parliament and the Crown Princess in our archives.<\/p>\n<p>After a short break in production, in 2008 we were fortunate enough to enlist the help of our former dairyman, Hans Stiller, to revive the manufacture of Wr\u00e5ngeb\u00e4ck cheese using the original Almn\u00e4s recipe and method. He was 82 years old. We took the wooden planks from the old dairy and used them in our new storage facility. The original bacterial cultures that remain in the planks imbue the Wr\u00e5ngeb\u00e4ck rounds with an authentic historical note, preserving an unbroken chain of bacterial cultures dating at least 150 years.<\/p>\n<p>Wr\u00e5ngeb\u00e4ck weighs about 8 kilograms (22 pounds) and is 31 centimeters (12 inches) in diameter. Until 1961, the surface of the cheese was waxed, but for today\u2019s Wr\u00e5ngeb\u00e4ck cheese we have chosen to wash the surface in salt water in the same traditional method we use for Almn\u00e4s Brick.<\/p>\n<p>In classic Swedish literature, Wr\u00e5ngeb\u00e4ck is described as the archetype of the great Swedish Manor cheese. Its aroma is slightly tangy, calling to mind the grassy-milky scent of a warm cow barn. Wr\u00e5ngeb\u00e4ck has a slightly tart, complex umami flavour, and the mouthfeel is smooth, dense, and creamy. The storage time is between 10 and 15 months.<\/p>\n<p>In 2018, Wr\u00e5ngeb\u00e4ck cheese won the Silver at the World Cheese Awards held in Bergen, Norway.<\/p>","protected":false},"excerpt":{"rendered":"<p>Wr\u00e5ngeb\u00e4ck Sweden The first cheese in Northern Europe to receive Protected Designation of Origin status It is with great pride [&hellip;]<\/p>\n","protected":false},"author":1,"featured_media":0,"parent":406,"menu_order":2,"comment_status":"closed","ping_status":"closed","template":"","meta":[],"_links":{"self":[{"href":"https:\/\/www.almnas.com\/en\/wp-json\/wp\/v2\/pages\/168"}],"collection":[{"href":"https:\/\/www.almnas.com\/en\/wp-json\/wp\/v2\/pages"}],"about":[{"href":"https:\/\/www.almnas.com\/en\/wp-json\/wp\/v2\/types\/page"}],"author":[{"embeddable":true,"href":"https:\/\/www.almnas.com\/en\/wp-json\/wp\/v2\/users\/1"}],"replies":[{"embeddable":true,"href":"https:\/\/www.almnas.com\/en\/wp-json\/wp\/v2\/comments?post=168"}],"version-history":[{"count":29,"href":"https:\/\/www.almnas.com\/en\/wp-json\/wp\/v2\/pages\/168\/revisions"}],"predecessor-version":[{"id":1431,"href":"https:\/\/www.almnas.com\/en\/wp-json\/wp\/v2\/pages\/168\/revisions\/1431"}],"up":[{"embeddable":true,"href":"https:\/\/www.almnas.com\/en\/wp-json\/wp\/v2\/pages\/406"}],"wp:attachment":[{"href":"https:\/\/www.almnas.com\/en\/wp-json\/wp\/v2\/media?parent=168"}],"curies":[{"name":"wp","href":"https:\/\/api.w.org\/{rel}","templated":true}]}}