{"id":108,"date":"2014-04-01T14:08:04","date_gmt":"2014-04-01T14:08:04","guid":{"rendered":"http:\/\/showroom.nu\/almnas\/?page_id=108"},"modified":"2025-05-02T16:21:37","modified_gmt":"2025-05-02T14:21:37","slug":"almnas-bruk","status":"publish","type":"page","link":"https:\/\/www.almnas.com\/en\/almnas-bruk","title":{"rendered":"Almn\u00e4s Bruk"},"content":{"rendered":"<p><\/p>\n<h1>Almn\u00e4s Bruk<\/h1>\n<h3>Almn\u00e4s is a very old farm with roots in the Middle Ages. The farm is first mentioned in a cover letter to the Elder V\u00e4stg\u00f6talagen dated August 14th, 1225. It describes how the monks of Alvastra Monastery met with the liege lord and the lawmen in V\u00e4sterg\u00f6tland to set out the boundaries for part of what later became Almn\u00e4s.<\/h3>\n<p>From the Middle Ages until 1527, Almn\u00e4s belonged to Alvastra Monastery. In 1527, Gustav Vasa implemented the Reformation and Almn\u00e4s came to belong to the Crown until 1587 when Margareta Axelsdotter Bielke, through an exchange with King Johan III, brought together 12 homesteads that are essentially Almn\u00e4s of today.<\/p>\n<p>Over the centuries, a number of noble families have owned Almn\u00e4s, among which the most significant for the farm are Sparre, Posse, Stackelberg and Dickson. Since 1916, Almn\u00e4s has been owned by the Berglund family.<\/p>\n<p>The main building was built by Wolther Reinhold Stackelberg probably from 1766 and a number of years onwards. On Almn\u00e4s there are also a number of other cultural buildings in the form of farm buildings and homes, built during the 18th and 19th centuries<\/p>\n<p>Almn\u00e4s\u00b4s; total area is 3,581 hectares, of which 1,985 are forests, 1,031 hectares are fields and pastures, 250 hectares of other land and 315 hectares of water. The entire agriculture is KRAV-certified and the forestry is certified according to FSC\u00ae (FSC-C089427) and PEFC\u00ae (PEFC\/05 32-7\/V535). We have about 500 cattle, of which 180 are dairy cows and the rest are young animals.<\/p>\n<p>A warm welcome!<\/p>","protected":false},"excerpt":{"rendered":"<p>Almn\u00e4s Bruk Almn\u00e4s is a very old farm with roots in the Middle Ages. The farm is first mentioned in [&hellip;]<\/p>\n","protected":false},"author":1,"featured_media":0,"parent":0,"menu_order":71,"comment_status":"closed","ping_status":"open","template":"","meta":[],"_links":{"self":[{"href":"https:\/\/www.almnas.com\/en\/wp-json\/wp\/v2\/pages\/108"}],"collection":[{"href":"https:\/\/www.almnas.com\/en\/wp-json\/wp\/v2\/pages"}],"about":[{"href":"https:\/\/www.almnas.com\/en\/wp-json\/wp\/v2\/types\/page"}],"author":[{"embeddable":true,"href":"https:\/\/www.almnas.com\/en\/wp-json\/wp\/v2\/users\/1"}],"replies":[{"embeddable":true,"href":"https:\/\/www.almnas.com\/en\/wp-json\/wp\/v2\/comments?post=108"}],"version-history":[{"count":18,"href":"https:\/\/www.almnas.com\/en\/wp-json\/wp\/v2\/pages\/108\/revisions"}],"predecessor-version":[{"id":1991,"href":"https:\/\/www.almnas.com\/en\/wp-json\/wp\/v2\/pages\/108\/revisions\/1991"}],"wp:attachment":[{"href":"https:\/\/www.almnas.com\/en\/wp-json\/wp\/v2\/media?parent=108"}],"curies":[{"name":"wp","href":"https:\/\/api.w.org\/{rel}","templated":true}]}}