{"id":14,"date":"2011-11-17T20:03:05","date_gmt":"2011-11-17T19:03:05","guid":{"rendered":"http:\/\/showroom.nu\/almnas\/?page_id=14"},"modified":"2019-09-17T16:54:18","modified_gmt":"2019-09-17T14:54:18","slug":"bo","status":"publish","type":"page","link":"https:\/\/www.almnas.com\/de\/bo","title":{"rendered":"Bo"},"content":{"rendered":"<p><\/p>\n<h1>Hyra hus eller l\u00e4genhet p\u00e5 landet p\u00e5 Almn\u00e4s \u00e4gor s\u00f6der om Hjo?<\/h1>\n<h3>Uthyrning av naturn\u00e4ra bost\u00e4der vill du i en kulturhistoriskt intressant milj\u00f6?<\/h3>\n<p>P\u00e5 Almn\u00e4s Bruk har vi ett stort antal \u00e4ldre och nyare fastigheter som finns till uthyrning. Naturen har du inp\u00e5 knuten och du bor praktiskt taget mitt i en levande g\u00e5rdsmilj\u00f6 med n\u00e4rhet till V\u00e4ttern.<\/p>\n<p>\u00c4r du intresserad av att hyra en bostad p\u00e5 Almn\u00e4s, kontakta g\u00e4rna Birgit.<\/p>\n<p><strong>Bost\u00e4der &#038; uthyrning<\/strong><br \/>\nBirgit \u00d6stervold, 0709420489,\u00a0<a href=\"mailto:birgit.ostervold@gmail.com\" target=\"_blank\" rel=\"noopener noreferrer\">birgit.ostervold@<wbr \/>gmail.com<\/a><\/p>","protected":false},"excerpt":{"rendered":"<p>Hyra hus eller l\u00e4genhet p\u00e5 landet p\u00e5 Almn\u00e4s \u00e4gor s\u00f6der om Hjo? Uthyrning av naturn\u00e4ra bost\u00e4der vill du i en [&hellip;]<\/p>\n","protected":false},"author":1,"featured_media":0,"parent":0,"menu_order":45,"comment_status":"closed","ping_status":"closed","template":"","meta":[],"_links":{"self":[{"href":"https:\/\/www.almnas.com\/de\/wp-json\/wp\/v2\/pages\/14"}],"collection":[{"href":"https:\/\/www.almnas.com\/de\/wp-json\/wp\/v2\/pages"}],"about":[{"href":"https:\/\/www.almnas.com\/de\/wp-json\/wp\/v2\/types\/page"}],"author":[{"embeddable":true,"href":"https:\/\/www.almnas.com\/de\/wp-json\/wp\/v2\/users\/1"}],"replies":[{"embeddable":true,"href":"https:\/\/www.almnas.com\/de\/wp-json\/wp\/v2\/comments?post=14"}],"version-history":[{"count":17,"href":"https:\/\/www.almnas.com\/de\/wp-json\/wp\/v2\/pages\/14\/revisions"}],"predecessor-version":[{"id":995,"href":"https:\/\/www.almnas.com\/de\/wp-json\/wp\/v2\/pages\/14\/revisions\/995"}],"wp:attachment":[{"href":"https:\/\/www.almnas.com\/de\/wp-json\/wp\/v2\/media?parent=14"}],"curies":[{"name":"wp","href":"https:\/\/api.w.org\/{rel}","templated":true}]}}