{"id":1158,"date":"2020-09-13T17:17:19","date_gmt":"2020-09-13T15:17:19","guid":{"rendered":"http:\/\/www.almnas.com\/?page_id=1158"},"modified":"2026-03-25T08:25:43","modified_gmt":"2026-03-25T07:25:43","slug":"krav-certifikat","status":"publish","type":"page","link":"https:\/\/www.almnas.com\/de\/ost\/krav-certifikat","title":{"rendered":"Krav-certifikat"},"content":{"rendered":"<p>H\u00e4r finns v\u00e5ra aktuella KRAV-certifikat. V\u00e4nligen klicka p\u00e5 l\u00e4nkarna.<\/p>\n<p><a href=\"http:\/\/www.almnas.com\/wp-content\/uploads\/2025\/01\/certificate-2024-04-24T185257.494481.pdf\">certificate-2024-04-24T185257.494481<\/a><\/p>\n<p><a href=\"http:\/\/www.almnas.com\/wp-content\/uploads\/2025\/01\/certificate-2024-03-21T120335.755269-1.pdf\">certificate-2024-03-21T120335.755269 OST<\/a><\/p>\n<p><a href=\"http:\/\/www.almnas.com\/wp-content\/uploads\/2025\/01\/certificate-2024-04-24T185334.042736.pdf\">certificate-2024-04-24T185334.042736<\/a><\/p>\n<p>&nbsp;<\/p>\n<p>&nbsp;<\/p>","protected":false},"excerpt":{"rendered":"<p>H\u00e4r finns v\u00e5ra aktuella KRAV-certifikat. V\u00e4nligen klicka p\u00e5 l\u00e4nkarna. certificate-2024-04-24T185257.494481 certificate-2024-03-21T120335.755269 OST certificate-2024-04-24T185334.042736 &nbsp; &nbsp;<\/p>\n","protected":false},"author":1,"featured_media":0,"parent":406,"menu_order":8,"comment_status":"closed","ping_status":"closed","template":"","meta":[],"_links":{"self":[{"href":"https:\/\/www.almnas.com\/de\/wp-json\/wp\/v2\/pages\/1158"}],"collection":[{"href":"https:\/\/www.almnas.com\/de\/wp-json\/wp\/v2\/pages"}],"about":[{"href":"https:\/\/www.almnas.com\/de\/wp-json\/wp\/v2\/types\/page"}],"author":[{"embeddable":true,"href":"https:\/\/www.almnas.com\/de\/wp-json\/wp\/v2\/users\/1"}],"replies":[{"embeddable":true,"href":"https:\/\/www.almnas.com\/de\/wp-json\/wp\/v2\/comments?post=1158"}],"version-history":[{"count":29,"href":"https:\/\/www.almnas.com\/de\/wp-json\/wp\/v2\/pages\/1158\/revisions"}],"predecessor-version":[{"id":2100,"href":"https:\/\/www.almnas.com\/de\/wp-json\/wp\/v2\/pages\/1158\/revisions\/2100"}],"up":[{"embeddable":true,"href":"https:\/\/www.almnas.com\/de\/wp-json\/wp\/v2\/pages\/406"}],"wp:attachment":[{"href":"https:\/\/www.almnas.com\/de\/wp-json\/wp\/v2\/media?parent=1158"}],"curies":[{"name":"wp","href":"https:\/\/api.w.org\/{rel}","templated":true}]}}