{"id":6,"date":"2011-11-17T20:02:07","date_gmt":"2011-11-17T20:02:07","guid":{"rendered":"http:\/\/showroom.nu\/almnas\/?page_id=6"},"modified":"2018-10-31T09:22:25","modified_gmt":"2018-10-31T08:22:25","slug":"jord","status":"publish","type":"page","link":"http:\/\/www.almnas.com\/sv\/jord","title":{"rendered":"Jord"},"content":{"rendered":"<p><\/p>\n<h1>Jordbruk<\/h1>\n<h3>V\u00e4xtodling, underh\u00e5ll av maskiner och byggnader.<\/h3>\n<p>Almn\u00e4s \u00e4r ett ekologiskt jordbruk vilket inneb\u00e4r att vi inte anv\u00e4nder konstg\u00f6dsel, kemiska bek\u00e4mpningsmedel eller kemiskt betat uts\u00e4de. Det inneb\u00e4r ocks\u00e5 att man p\u00e5 m\u00e5nga andra s\u00e4tt f\u00f6rs\u00f6ker samspela med naturen genom att tex. inte putsa v\u00e4gkanter och \u00e5kerkanter f\u00f6r tidigt vilket gynnar f\u00e5glar, djur som alla beh\u00f6ver or\u00f6rda barnkamrar. Vi f\u00f6rs\u00f6ker \u00e4ven p\u00e5 m\u00e5nga andra s\u00e4tt att gynna insekter vilket man har stor nytta av bland annat i samband med pollinering.<br \/>\nI huvudsak odlar vi foder till Almn\u00e4s djur, s\u00e5som gr\u00e4s till bete och ensilage, olika s\u00e4desslag, b\u00f6nor och andra baljv\u00e4xter\u00a0till kraftfoder.<\/p>\n<p>Vi odlar \u00e4ven raps som vi s\u00e4ljer f\u00f6r att den sedan ska pressas till matolja. Dessutom odlar vi spelt, r\u00e5g och vete som s\u00e4ljs som br\u00f6dspannm\u00e5l.<\/p>","protected":false},"excerpt":{"rendered":"<p>Jordbruk V\u00e4xtodling, underh\u00e5ll av maskiner och byggnader. Almn\u00e4s \u00e4r ett ekologiskt jordbruk vilket inneb\u00e4r att vi inte anv\u00e4nder konstg\u00f6dsel, kemiska [&hellip;]<\/p>\n","protected":false},"author":1,"featured_media":0,"parent":0,"menu_order":31,"comment_status":"closed","ping_status":"closed","template":"","meta":[],"_links":{"self":[{"href":"http:\/\/www.almnas.com\/sv\/wp-json\/wp\/v2\/pages\/6"}],"collection":[{"href":"http:\/\/www.almnas.com\/sv\/wp-json\/wp\/v2\/pages"}],"about":[{"href":"http:\/\/www.almnas.com\/sv\/wp-json\/wp\/v2\/types\/page"}],"author":[{"embeddable":true,"href":"http:\/\/www.almnas.com\/sv\/wp-json\/wp\/v2\/users\/1"}],"replies":[{"embeddable":true,"href":"http:\/\/www.almnas.com\/sv\/wp-json\/wp\/v2\/comments?post=6"}],"version-history":[{"count":5,"href":"http:\/\/www.almnas.com\/sv\/wp-json\/wp\/v2\/pages\/6\/revisions"}],"predecessor-version":[{"id":898,"href":"http:\/\/www.almnas.com\/sv\/wp-json\/wp\/v2\/pages\/6\/revisions\/898"}],"wp:attachment":[{"href":"http:\/\/www.almnas.com\/sv\/wp-json\/wp\/v2\/media?parent=6"}],"curies":[{"name":"wp","href":"https:\/\/api.w.org\/{rel}","templated":true}]}}