{"id":21,"date":"2011-11-17T20:03:53","date_gmt":"2011-11-17T20:03:53","guid":{"rendered":"http:\/\/showroom.nu\/almnas\/?page_id=21"},"modified":"2025-10-15T07:01:32","modified_gmt":"2025-10-15T05:01:32","slug":"kontakt","status":"publish","type":"page","link":"http:\/\/www.almnas.com\/sv\/kontakt","title":{"rendered":"Kontakt"},"content":{"rendered":"<p><div class=\"fusion-builder-row fusion-builder-row-inner fusion-row\"><div class=\"fusion-layout-column fusion_builder_column_inner fusion-builder-nested-column-0 fusion_builder_column_inner_1_3 1_3 fusion-one-third fusion-column-first\" style=\"--awb-bg-size:cover;width:30.6666%; margin-right: 4%;\"><div class=\"fusion-column-wrapper fusion-flex-column-wrapper-legacy\">\n<h1>Kontaktpersoner<\/h1>\n<p><strong>VD<\/strong><br \/>\nThomas Berglund,\u00a00705850621,\u00a0<a href=\"mailto:tb@almnas.com\">tb@almnas.com<\/a><\/p>\n<p><strong>Ostlager\/f\u00f6rs\u00e4ljning<br \/>\n<\/strong>Krists Poots, 050316103,<\/p>\n<p>Information:\u00a0 <a href=\"mailto:ost@almnas.com\">ost@almnas.com<\/a><\/p>\n<p>Order: <a href=\"mailto:order@almnas.com\">order@almnas.com<\/a><\/p>\n<p><strong>Ysteri<br \/>\n<\/strong>Kerstin Johansson,\u00a00503785051,\u00a0<a href=\"mailto:ysteri@almnas.com\">ysteri@almnas.com<\/a><\/p>\n<p><strong>Elverkets jourtj\u00e4nst<\/strong><br \/>\nMobiltelefon till jouransvarig, 0705850621<\/p>\n<p><strong>Ekonomi &amp; redovisning<\/strong><\/p>\n<p>Lena Darolf, 050316005, <a href=\"mailto:at@almnas.com\" target=\"_blank\" rel=\"noopener noreferrer\">ld@almnas.com<\/a><\/p>\n<p><strong>Bost\u00e4der &amp; uthyrning<\/strong><br \/>\nBirgit \u00d6stervold, 0709420489,\u00a0<a href=\"mailto:birgit.ostervold@gmail.com\" target=\"_blank\" rel=\"noopener noreferrer\">birgit.ostervold@<wbr \/>gmail.com<\/a><\/p>\n<p><strong>Skogsf\u00f6rvaltare<\/strong><br \/>\nSimon Bylund 0706854014, <a href=\"mailto:sb@almnas.com\" target=\"_blank\" rel=\"noopener noreferrer\">sb@almnas.com<\/a><\/p>\n<p>Mikael Ehn 0703648334,\u00a0<a href=\"mailto:me@almnas.com\">me@almnas.com<\/a><\/p>\n<p><strong>Jordbruksf\u00f6rvaltare<\/strong><br \/>\nAnders Widinghoff, 0706273707, <a href=\"mailto:aw@almnas.com\" target=\"_blank\" rel=\"noopener noreferrer\">aw@almnas.com<\/a><\/p>\n<p><strong>Almn\u00e4s verkstad<\/strong>,\u00a0050316012,\u00a0<a href=\"mailto:verkstad@almnas.com\" target=\"_blank\" rel=\"noopener noreferrer\">verkstad@almnas.com<\/a><\/p>\n<p><strong>Sj\u00f6bolets ladug\u00e5rd<\/strong>, 0503785058, <a href=\"mailto:ko@almnas.com\" target=\"_blank\" rel=\"noopener noreferrer\">ko@almnas.com<\/a><\/p>\n<div class=\"fusion-clearfix\"><\/div><\/div><\/div><div class=\"fusion-layout-column fusion_builder_column_inner fusion-builder-nested-column-1 fusion_builder_column_inner_1_3 1_3 fusion-one-third\" style=\"--awb-bg-size:cover;width:30.6666%; margin-right: 4%;\"><div class=\"fusion-column-wrapper fusion-flex-column-wrapper-legacy\">\n<h1>Kontor<\/h1>\n<p>Lena Darolf, 050316005, <a href=\"mailto:at@almnas.com\" target=\"_blank\" rel=\"noopener noreferrer\">ld@almnas.com<\/a><br \/>\nThomas Berglund, VD,\u00a00705850621,\u00a0<a href=\"mailto:tb@almnas.com\">tb@almnas.com<\/a><\/p>\n<p><strong>Postadress<br \/>\n<\/strong>Almn\u00e4s Bruk AB<br \/>\nAlmn\u00e4s<br \/>\n544 94 HJO<\/p>\n<p><strong>Telefon<br \/>\n<\/strong>050316005<\/p>\n<h1>G\u00e5rdsf\u00f6rs\u00e4ljning\/Sj\u00e4lvbetj\u00e4ning<\/h1>\n<p>Sj\u00e4lvbetj\u00e4ningen \u00e4r tillg\u00e4nglig alla dagar i veckan. V\u00e4lkommen hit att k\u00f6pa ost!<\/p>\n<p>Krists Poots, 050316103, <a href=\"mailto:ost@almnas.com\">ost@almnas.com<\/a><\/p>\n<h1>Coala AB<\/h1>\n<p>P\u00e5 Almn\u00e4s finns ocks\u00e5 dotterbolaget Coala AB, som arbetar med el\/elektronikprodukter. L\u00e4s mer p\u00e5 <a href=\"http:\/\/www.coala.se\" target=\"_blank\" rel=\"noopener noreferrer\">www.coala.se<\/a>.<\/p>\n<div class=\"fusion-clearfix\"><\/div><\/div><\/div><div class=\"fusion-layout-column fusion_builder_column_inner fusion-builder-nested-column-2 fusion_builder_column_inner_1_3 1_3 fusion-one-third fusion-column-last\" style=\"--awb-bg-size:cover;width:30.6666%;\"><div class=\"fusion-column-wrapper fusion-flex-column-wrapper-legacy\">\n<h1>Pressbilder &amp; video<\/h1>\n<p>F\u00f6r pressbilder kontakta VD Thomas Berglund p\u00e5 Almn\u00e4s Bruk eller fotograf Jesper Anhede.<\/p>\n<p>Thomas Berglund,\u00a00705850621,\u00a0<a href=\"mailto:tb@almnas.com\">tb@almnas.com<br \/>\n<\/a><a href=\"http:\/\/anhede.se\" target=\"_blank\" rel=\"noopener noreferrer\">Jesper Anhede<\/a>, 0706665866, <a href=\"mailto:jesper@anhede.se\">jesper@anhede.se<\/a><\/p>\n<p>Vill du sj\u00e4lv g\u00e5 igenom bildbanken se\u00a0<a href=\"https:\/\/anhede.se\/cr\/galleries\/almnas\/almnas-image-gallery\/\" target=\"_blank\" rel=\"noopener noreferrer\">klicka h\u00e4r<\/a>.<\/p>\n<p>Nedan ser du ett axplock.<\/p>\n<div class=\"fusion-clearfix\"><\/div><\/div><\/div><\/div><\/p>\n<p>\n\t\t<style type=\"text\/css\">\n\t\t\t#gallery-1 {\n\t\t\t\tmargin: auto;\n\t\t\t}\n\t\t\t#gallery-1 .gallery-item {\n\t\t\t\tfloat: left;\n\t\t\t\tmargin-top: 10px;\n\t\t\t\ttext-align: center;\n\t\t\t\twidth: 20%;\n\t\t\t}\n\t\t\t#gallery-1 img {\n\t\t\t\tborder: 2px solid #cfcfcf;\n\t\t\t}\n\t\t\t#gallery-1 .gallery-caption {\n\t\t\t\tmargin-left: 0;\n\t\t\t}\n\t\t\t\/* see gallery_shortcode() in wp-includes\/media.php *\/\n\t\t<\/style>\n\t\t<div id='gallery-1' class='gallery galleryid-21 gallery-columns-5 gallery-size-thumbnail'><dl class='gallery-item'>\n\t\t\t<dt class='gallery-icon landscape'>\n\t\t\t\t<a data-rel=\"iLightbox[postimages]\" data-title=\"051007_5106-2\" data-caption=\"\" href='http:\/\/www.almnas.com\/wp-content\/uploads\/2015\/01\/051007_5106-2.jpg'><img width=\"150\" height=\"150\" src=\"http:\/\/www.almnas.com\/wp-content\/uploads\/2015\/01\/051007_5106-2-150x150.jpg\" class=\"attachment-thumbnail size-thumbnail\" alt=\"\" decoding=\"async\" srcset=\"http:\/\/www.almnas.com\/wp-content\/uploads\/2015\/01\/051007_5106-2-66x66.jpg 66w, http:\/\/www.almnas.com\/wp-content\/uploads\/2015\/01\/051007_5106-2-150x150.jpg 150w\" sizes=\"(max-width: 150px) 100vw, 150px\" \/><\/a>\n\t\t\t<\/dt><\/dl><dl class='gallery-item'>\n\t\t\t<dt class='gallery-icon landscape'>\n\t\t\t\t<a data-rel=\"iLightbox[postimages]\" data-title=\"060613_4984\" data-caption=\"\" href='http:\/\/www.almnas.com\/wp-content\/uploads\/2011\/11\/060613_4984.jpg'><img width=\"150\" height=\"150\" src=\"http:\/\/www.almnas.com\/wp-content\/uploads\/2011\/11\/060613_4984-150x150.jpg\" class=\"attachment-thumbnail size-thumbnail\" alt=\"\" decoding=\"async\" srcset=\"http:\/\/www.almnas.com\/wp-content\/uploads\/2011\/11\/060613_4984-66x66.jpg 66w, http:\/\/www.almnas.com\/wp-content\/uploads\/2011\/11\/060613_4984-150x150.jpg 150w\" sizes=\"(max-width: 150px) 100vw, 150px\" \/><\/a>\n\t\t\t<\/dt><\/dl><dl class='gallery-item'>\n\t\t\t<dt class='gallery-icon portrait'>\n\t\t\t\t<a data-rel=\"iLightbox[postimages]\" data-title=\"140920-073229-19292\" data-caption=\"\" href='http:\/\/www.almnas.com\/wp-content\/uploads\/2011\/11\/140920-073229-19292.jpg'><img width=\"150\" height=\"150\" src=\"http:\/\/www.almnas.com\/wp-content\/uploads\/2011\/11\/140920-073229-19292-150x150.jpg\" class=\"attachment-thumbnail size-thumbnail\" alt=\"\" decoding=\"async\" srcset=\"http:\/\/www.almnas.com\/wp-content\/uploads\/2011\/11\/140920-073229-19292-66x66.jpg 66w, http:\/\/www.almnas.com\/wp-content\/uploads\/2011\/11\/140920-073229-19292-150x150.jpg 150w\" sizes=\"(max-width: 150px) 100vw, 150px\" \/><\/a>\n\t\t\t<\/dt><\/dl><dl class='gallery-item'>\n\t\t\t<dt class='gallery-icon landscape'>\n\t\t\t\t<a data-rel=\"iLightbox[postimages]\" data-title=\"131030-155313-0487-2\" data-caption=\"\" href='http:\/\/www.almnas.com\/wp-content\/uploads\/2015\/01\/131030-155313-0487-2.jpg'><img width=\"150\" height=\"150\" src=\"http:\/\/www.almnas.com\/wp-content\/uploads\/2015\/01\/131030-155313-0487-2-150x150.jpg\" class=\"attachment-thumbnail size-thumbnail\" alt=\"\" decoding=\"async\" srcset=\"http:\/\/www.almnas.com\/wp-content\/uploads\/2015\/01\/131030-155313-0487-2-66x66.jpg 66w, http:\/\/www.almnas.com\/wp-content\/uploads\/2015\/01\/131030-155313-0487-2-150x150.jpg 150w\" sizes=\"(max-width: 150px) 100vw, 150px\" \/><\/a>\n\t\t\t<\/dt><\/dl><dl class='gallery-item'>\n\t\t\t<dt class='gallery-icon landscape'>\n\t\t\t\t<a data-rel=\"iLightbox[postimages]\" data-title=\"090916-8592\" data-caption=\"\" href='http:\/\/www.almnas.com\/wp-content\/uploads\/2011\/11\/090916-8592.jpg'><img width=\"150\" height=\"150\" src=\"http:\/\/www.almnas.com\/wp-content\/uploads\/2011\/11\/090916-8592-150x150.jpg\" class=\"attachment-thumbnail size-thumbnail\" alt=\"Thomas Berglund, Almn\u00e4s Bruk, Sweden\" decoding=\"async\" srcset=\"http:\/\/www.almnas.com\/wp-content\/uploads\/2011\/11\/090916-8592-66x66.jpg 66w, http:\/\/www.almnas.com\/wp-content\/uploads\/2011\/11\/090916-8592-150x150.jpg 150w, http:\/\/www.almnas.com\/wp-content\/uploads\/2011\/11\/090916-8592-300x300.jpg 300w, http:\/\/www.almnas.com\/wp-content\/uploads\/2011\/11\/090916-8592-1024x1024.jpg 1024w, http:\/\/www.almnas.com\/wp-content\/uploads\/2011\/11\/090916-8592.jpg 1160w\" sizes=\"(max-width: 150px) 100vw, 150px\" \/><\/a>\n\t\t\t<\/dt><\/dl><br style=\"clear: both\" \/><dl class='gallery-item'>\n\t\t\t<dt class='gallery-icon portrait'>\n\t\t\t\t<a data-rel=\"iLightbox[postimages]\" data-title=\"120814-7303\" data-caption=\"\" href='http:\/\/www.almnas.com\/wp-content\/uploads\/2015\/01\/120814-73031.jpg'><img width=\"150\" height=\"150\" src=\"http:\/\/www.almnas.com\/wp-content\/uploads\/2015\/01\/120814-73031-150x150.jpg\" class=\"attachment-thumbnail size-thumbnail\" alt=\"\" decoding=\"async\" srcset=\"http:\/\/www.almnas.com\/wp-content\/uploads\/2015\/01\/120814-73031-66x66.jpg 66w, http:\/\/www.almnas.com\/wp-content\/uploads\/2015\/01\/120814-73031-150x150.jpg 150w\" sizes=\"(max-width: 150px) 100vw, 150px\" \/><\/a>\n\t\t\t<\/dt><\/dl><dl class='gallery-item'>\n\t\t\t<dt class='gallery-icon landscape'>\n\t\t\t\t<a data-rel=\"iLightbox[postimages]\" data-title=\"140415-151118-9385\" data-caption=\"\" href='http:\/\/www.almnas.com\/wp-content\/uploads\/2015\/01\/140415-151118-9385.jpg'><img width=\"150\" height=\"150\" src=\"http:\/\/www.almnas.com\/wp-content\/uploads\/2015\/01\/140415-151118-9385-150x150.jpg\" class=\"attachment-thumbnail size-thumbnail\" alt=\"\" decoding=\"async\" srcset=\"http:\/\/www.almnas.com\/wp-content\/uploads\/2015\/01\/140415-151118-9385-66x66.jpg 66w, http:\/\/www.almnas.com\/wp-content\/uploads\/2015\/01\/140415-151118-9385-150x150.jpg 150w\" sizes=\"(max-width: 150px) 100vw, 150px\" \/><\/a>\n\t\t\t<\/dt><\/dl><dl class='gallery-item'>\n\t\t\t<dt class='gallery-icon landscape'>\n\t\t\t\t<a data-rel=\"iLightbox[postimages]\" data-title=\"110519-4953\" data-caption=\"\" href='http:\/\/www.almnas.com\/wp-content\/uploads\/2015\/01\/110519-4953.jpg'><img width=\"150\" height=\"150\" src=\"http:\/\/www.almnas.com\/wp-content\/uploads\/2015\/01\/110519-4953-150x150.jpg\" class=\"attachment-thumbnail size-thumbnail\" alt=\"\" decoding=\"async\" srcset=\"http:\/\/www.almnas.com\/wp-content\/uploads\/2015\/01\/110519-4953-66x66.jpg 66w, http:\/\/www.almnas.com\/wp-content\/uploads\/2015\/01\/110519-4953-150x150.jpg 150w\" sizes=\"(max-width: 150px) 100vw, 150px\" \/><\/a>\n\t\t\t<\/dt><\/dl><dl class='gallery-item'>\n\t\t\t<dt class='gallery-icon landscape'>\n\t\t\t\t<a data-rel=\"iLightbox[postimages]\" data-title=\"060922_0349-2\" data-caption=\"\" href='http:\/\/www.almnas.com\/wp-content\/uploads\/2015\/01\/060922_0349-2.jpg'><img width=\"150\" height=\"150\" src=\"http:\/\/www.almnas.com\/wp-content\/uploads\/2015\/01\/060922_0349-2-150x150.jpg\" class=\"attachment-thumbnail size-thumbnail\" alt=\"\" decoding=\"async\" srcset=\"http:\/\/www.almnas.com\/wp-content\/uploads\/2015\/01\/060922_0349-2-66x66.jpg 66w, http:\/\/www.almnas.com\/wp-content\/uploads\/2015\/01\/060922_0349-2-150x150.jpg 150w\" sizes=\"(max-width: 150px) 100vw, 150px\" \/><\/a>\n\t\t\t<\/dt><\/dl><dl class='gallery-item'>\n\t\t\t<dt class='gallery-icon landscape'>\n\t\t\t\t<a data-rel=\"iLightbox[postimages]\" data-title=\"110415-4060\" data-caption=\"\" href='http:\/\/www.almnas.com\/wp-content\/uploads\/2015\/01\/110415-4060.jpg'><img width=\"150\" height=\"150\" src=\"http:\/\/www.almnas.com\/wp-content\/uploads\/2015\/01\/110415-4060-150x150.jpg\" class=\"attachment-thumbnail size-thumbnail\" alt=\"\" decoding=\"async\" srcset=\"http:\/\/www.almnas.com\/wp-content\/uploads\/2015\/01\/110415-4060-66x66.jpg 66w, http:\/\/www.almnas.com\/wp-content\/uploads\/2015\/01\/110415-4060-150x150.jpg 150w\" sizes=\"(max-width: 150px) 100vw, 150px\" \/><\/a>\n\t\t\t<\/dt><\/dl><br style=\"clear: both\" \/>\n\t\t<\/div>\n<\/p>","protected":false},"excerpt":{"rendered":"","protected":false},"author":1,"featured_media":0,"parent":0,"menu_order":91,"comment_status":"closed","ping_status":"open","template":"contact.php","meta":[],"_links":{"self":[{"href":"http:\/\/www.almnas.com\/sv\/wp-json\/wp\/v2\/pages\/21"}],"collection":[{"href":"http:\/\/www.almnas.com\/sv\/wp-json\/wp\/v2\/pages"}],"about":[{"href":"http:\/\/www.almnas.com\/sv\/wp-json\/wp\/v2\/types\/page"}],"author":[{"embeddable":true,"href":"http:\/\/www.almnas.com\/sv\/wp-json\/wp\/v2\/users\/1"}],"replies":[{"embeddable":true,"href":"http:\/\/www.almnas.com\/sv\/wp-json\/wp\/v2\/comments?post=21"}],"version-history":[{"count":119,"href":"http:\/\/www.almnas.com\/sv\/wp-json\/wp\/v2\/pages\/21\/revisions"}],"predecessor-version":[{"id":2069,"href":"http:\/\/www.almnas.com\/sv\/wp-json\/wp\/v2\/pages\/21\/revisions\/2069"}],"wp:attachment":[{"href":"http:\/\/www.almnas.com\/sv\/wp-json\/wp\/v2\/media?parent=21"}],"curies":[{"name":"wp","href":"https:\/\/api.w.org\/{rel}","templated":true}]}}