{"id":1158,"date":"2020-09-13T17:17:19","date_gmt":"2020-09-13T15:17:19","guid":{"rendered":"http:\/\/www.almnas.com\/?page_id=1158"},"modified":"2026-03-25T08:25:43","modified_gmt":"2026-03-25T07:25:43","slug":"krav-certifikat","status":"publish","type":"page","link":"http:\/\/www.almnas.com\/sv\/ost\/krav-certifikat","title":{"rendered":"Krav-certifikat"},"content":{"rendered":"<p>H\u00e4r finns v\u00e5ra aktuella KRAV-certifikat. V\u00e4nligen klicka p\u00e5 l\u00e4nkarna.<\/p>\n<p><a href=\"http:\/\/www.almnas.com\/wp-content\/uploads\/2025\/05\/certificate-2025-03-13T134925.055481.pdf\">certificate-2025-03-13T134925.055481<\/a><\/p>\n<p><a href=\"http:\/\/www.almnas.com\/wp-content\/uploads\/2025\/05\/certificate-2025-05-09T142958.755860.pdf\">certificate-2025-05-09T142958.755860<\/a><\/p>\n<p><a href=\"http:\/\/www.almnas.com\/wp-content\/uploads\/2025\/05\/certificate-2025-05-09T143035.948272.pdf\">certificate-2025-05-09T143035.948272<\/a><\/p>\n<p><a href=\"http:\/\/www.almnas.com\/wp-content\/uploads\/2025\/05\/SE-EKO-01.752-0001941.2025.001.pdf\">SE-EKO-01.752-0001941.2025.001<\/a><\/p>","protected":false},"excerpt":{"rendered":"<p>H\u00e4r finns v\u00e5ra aktuella KRAV-certifikat. V\u00e4nligen klicka p\u00e5 l\u00e4nkarna. certificate-2025-03-13T134925.055481 certificate-2025-05-09T142958.755860 certificate-2025-05-09T143035.948272 SE-EKO-01.752-0001941.2025.001<\/p>\n","protected":false},"author":1,"featured_media":0,"parent":406,"menu_order":8,"comment_status":"closed","ping_status":"closed","template":"","meta":[],"_links":{"self":[{"href":"http:\/\/www.almnas.com\/sv\/wp-json\/wp\/v2\/pages\/1158"}],"collection":[{"href":"http:\/\/www.almnas.com\/sv\/wp-json\/wp\/v2\/pages"}],"about":[{"href":"http:\/\/www.almnas.com\/sv\/wp-json\/wp\/v2\/types\/page"}],"author":[{"embeddable":true,"href":"http:\/\/www.almnas.com\/sv\/wp-json\/wp\/v2\/users\/1"}],"replies":[{"embeddable":true,"href":"http:\/\/www.almnas.com\/sv\/wp-json\/wp\/v2\/comments?post=1158"}],"version-history":[{"count":29,"href":"http:\/\/www.almnas.com\/sv\/wp-json\/wp\/v2\/pages\/1158\/revisions"}],"predecessor-version":[{"id":2100,"href":"http:\/\/www.almnas.com\/sv\/wp-json\/wp\/v2\/pages\/1158\/revisions\/2100"}],"up":[{"embeddable":true,"href":"http:\/\/www.almnas.com\/sv\/wp-json\/wp\/v2\/pages\/406"}],"wp:attachment":[{"href":"http:\/\/www.almnas.com\/sv\/wp-json\/wp\/v2\/media?parent=1158"}],"curies":[{"name":"wp","href":"https:\/\/api.w.org\/{rel}","templated":true}]}}