{"id":321,"date":"2015-01-07T10:02:05","date_gmt":"2015-01-07T09:02:05","guid":{"rendered":"http:\/\/showroom.nu\/almnas4\/?page_id=321"},"modified":"2015-07-09T14:40:40","modified_gmt":"2015-07-09T12:40:40","slug":"ostboken","status":"publish","type":"page","link":"http:\/\/www.almnas.com\/en\/ost\/ostboken","title":{"rendered":"Ostboken"},"content":{"rendered":"<p>H\u00e4r kan du bl\u00e4ddra i och best\u00e4lla v\u00e5r ostbok i &#8220;coffee table&#8221;-format.<\/p>\n<div style=\"text-align:left; width:1100\"><object id=\"myWidget\" type=\"application\/x-shockwave-flash\" data=\"http:\/\/www.blurb.com\/assets\/embed.swf\" width=\"1100\" height=\"733\"><param name=\"allowFullScreen\" value=\"true\"><\/param><param name=\"wmode\" value=\"transparent\"><\/param><param name=\"allowScriptAccess\" value=\"always\"><\/param><param name=\"movie\" value=\"http:\/\/www.blurb.com\/assets\/embed.swf\"><\/param><param name=\"FlashVars\" value=\"book_id=5629953&#038;locale=en_US\" \/><a target=\"_new\" href=\"http:\/\/www.blurb.com\/books\/preview\/5629953-fine-heritage-cheese-from-sweden?ce=blurb_ew&#038;utm_source=widget\"><img decoding=\"async\" src=\"http:\/\/bookshow.blurb.com\/bookshow\/cache\/P9381899\/md\/wcover_2.png\"><\/img><\/a><\/object><\/p>\n<div style=\"display:block;\"><a href=\"http:\/\/www.blurb.com\/b\/5629953-fine-heritage-cheese-from-sweden?ce=blurb_ew&#038;utm_source=widget\" target=\"_blank\" style=\"margin:12px 3px;\">Fine Heritage Cheese from Sweden by Almn\u00e4s Bruk<\/a> | <a href=\"http:\/\/www.blurb.com\/landing_pages\/bookshow?ce=blurb_ew&#038;utm_source=widget\" target=\"_blank\" style=\"margin:12px 3px;\">Make Your Own Book<\/a><\/div>\n<\/div>\n<p><\/p>","protected":false},"excerpt":{"rendered":"<p>H\u00e4r kan du bl\u00e4ddra i och best\u00e4lla v\u00e5r ostbok i &#8220;coffee table&#8221;-format. Fine Heritage Cheese from Sweden by Almn\u00e4s Bruk [&hellip;]<\/p>\n","protected":false},"author":1,"featured_media":0,"parent":406,"menu_order":7,"comment_status":"closed","ping_status":"open","template":"","meta":[],"_links":{"self":[{"href":"http:\/\/www.almnas.com\/en\/wp-json\/wp\/v2\/pages\/321"}],"collection":[{"href":"http:\/\/www.almnas.com\/en\/wp-json\/wp\/v2\/pages"}],"about":[{"href":"http:\/\/www.almnas.com\/en\/wp-json\/wp\/v2\/types\/page"}],"author":[{"embeddable":true,"href":"http:\/\/www.almnas.com\/en\/wp-json\/wp\/v2\/users\/1"}],"replies":[{"embeddable":true,"href":"http:\/\/www.almnas.com\/en\/wp-json\/wp\/v2\/comments?post=321"}],"version-history":[{"count":1,"href":"http:\/\/www.almnas.com\/en\/wp-json\/wp\/v2\/pages\/321\/revisions"}],"predecessor-version":[{"id":555,"href":"http:\/\/www.almnas.com\/en\/wp-json\/wp\/v2\/pages\/321\/revisions\/555"}],"up":[{"embeddable":true,"href":"http:\/\/www.almnas.com\/en\/wp-json\/wp\/v2\/pages\/406"}],"wp:attachment":[{"href":"http:\/\/www.almnas.com\/en\/wp-json\/wp\/v2\/media?parent=321"}],"curies":[{"name":"wp","href":"https:\/\/api.w.org\/{rel}","templated":true}]}}