{"id":7,"date":"2011-11-17T20:02:23","date_gmt":"2011-11-17T20:02:23","guid":{"rendered":"http:\/\/showroom.nu\/almnas\/?page_id=7"},"modified":"2025-07-07T19:43:50","modified_gmt":"2025-07-07T17:43:50","slug":"skog","status":"publish","type":"page","link":"http:\/\/www.almnas.com\/de\/skog","title":{"rendered":"Skog"},"content":{"rendered":"<p><\/p>\n<h1>Skogstj\u00e4nster och virkeshandel<\/h1>\n<h3>Almn\u00e4s Bruk bedriver sedan m\u00e5nga \u00e5r tillbaka en omfattande virkeshandel i Skaraborg med tonvikt p\u00e5 den \u00f6stra delen. Leveranserna av virke och skogsprodukter g\u00e5r direkt till industrin; fr\u00e4mst s\u00e5gverk, pappersbruk samt v\u00e4rmeverk.<\/h3>\n<p>Vi planterar, r\u00f6jer, gallrar och slutavverkar f\u00f6r v\u00e5ra uppdragsgivares r\u00e4kning samt bedriver \u00e4ven viss r\u00e5dgivning och hj\u00e4lper till med naturv\u00e5rds\u00e5tg\u00e4rder. Efter stormen Gudrun var vi i V\u00e4xj\u00f6trakten under drygt ett halv\u00e5r. Den g\u00e5ngna v\u00e5ren har vi planterat eller f\u00f6rmedlat \u00f6ver 150.000 skogsplantor. D\u00e5 vi har en egen kylcontainer uppst\u00e4lld p\u00e5 g\u00e5rden har vi alltid fr\u00e4scha plantor att erbjuda.<\/p>\n<p>Almn\u00e4s egen skogsareal uppg\u00e5r till ca 2000 ha produktiv skogsmark.\u00a0Skogsmarken \u00e4r uppdelad i sju skiften, d\u00e4r den st\u00f6rre delen, ca 1800 ha, h\u00e4nger samman med jordbruksmarken och bildar ett betydande omr\u00e5de som utg\u00f6r en stor del av Norra F\u00e5gel\u00e5s.<\/p>\n<p>Vi arbetar med andra skogs\u00e4gares skog som med v\u00e5r egen:<\/p>\n<ul>\n<li><strong>L\u00e5ngsiktighet<\/strong>. Alla \u00e5tg\u00e4rder innan slutavverkning \u00e4r investeringar i god tillv\u00e4xt och ett gott slutresultat.<\/li>\n<li><strong>Oberoende<\/strong>. Vi \u00e4r frist\u00e5ende fr\u00e5n k\u00f6parintressen och har ett gott kontaktn\u00e4t och en tillr\u00e4ckligt stor handelsvolym f\u00f6r att f\u00e5 riktigt bra priser.<\/li>\n<li><strong>K\u00e4nsla<\/strong>. Vi bryr oss om hur det ser ut i skogen efter avslutat arbete och gl\u00e4djen i de natur- och sk\u00f6nhetsv\u00e4rden som skogen ger oss.<\/li>\n<\/ul>\n<p>Vi vill med andra ord utf\u00f6ra v\u00e5ra arbeten s\u00e5 att vi alltid \u00e4r v\u00e4lkomna tillbaka.<\/p>\n<h3>\u00c4r du intresserad av att s\u00e4lja eller k\u00f6pa virke?<\/h3>\n<ul>Vill du veta mera om Almn\u00e4s skogstj\u00e4nster och virkeshandel eller erbjuda dina egna tj\u00e4nster som entrepren\u00f6r, sl\u00e5 g\u00e4rna en signal till n\u00e5gon av v\u00e5ra skogsf\u00f6rvaltare.<\/ul>\n<h3>Skogsf\u00f6rvaltare<\/h3>\n<p>Simon Bylund 0706854014, <a href=\"mailto:sb@almnas.com\" target=\"_blank\" rel=\"noopener\">sb@almnas.com<\/a><\/p>\n<p>Mikael Ehn 0703648334, \u00a0<a href=\"mailto:me@almnas.com\">me@almnas.com<\/a><\/p>","protected":false},"excerpt":{"rendered":"<p>Skogstj\u00e4nster och virkeshandel Almn\u00e4s Bruk bedriver sedan m\u00e5nga \u00e5r tillbaka en omfattande virkeshandel i Skaraborg med tonvikt p\u00e5 den \u00f6stra [&hellip;]<\/p>\n","protected":false},"author":1,"featured_media":0,"parent":0,"menu_order":41,"comment_status":"closed","ping_status":"closed","template":"","meta":[],"_links":{"self":[{"href":"http:\/\/www.almnas.com\/de\/wp-json\/wp\/v2\/pages\/7"}],"collection":[{"href":"http:\/\/www.almnas.com\/de\/wp-json\/wp\/v2\/pages"}],"about":[{"href":"http:\/\/www.almnas.com\/de\/wp-json\/wp\/v2\/types\/page"}],"author":[{"embeddable":true,"href":"http:\/\/www.almnas.com\/de\/wp-json\/wp\/v2\/users\/1"}],"replies":[{"embeddable":true,"href":"http:\/\/www.almnas.com\/de\/wp-json\/wp\/v2\/comments?post=7"}],"version-history":[{"count":31,"href":"http:\/\/www.almnas.com\/de\/wp-json\/wp\/v2\/pages\/7\/revisions"}],"predecessor-version":[{"id":2053,"href":"http:\/\/www.almnas.com\/de\/wp-json\/wp\/v2\/pages\/7\/revisions\/2053"}],"wp:attachment":[{"href":"http:\/\/www.almnas.com\/de\/wp-json\/wp\/v2\/media?parent=7"}],"curies":[{"name":"wp","href":"https:\/\/api.w.org\/{rel}","templated":true}]}}