{"id":536,"date":"2015-06-04T10:41:29","date_gmt":"2015-06-04T08:41:29","guid":{"rendered":"http:\/\/www.almnas.com\/?page_id=536"},"modified":"2026-05-12T13:12:02","modified_gmt":"2026-05-12T11:12:02","slug":"elhandel","status":"publish","type":"page","link":"http:\/\/www.almnas.com\/de\/elhandel","title":{"rendered":"Elektricit\u00e4t"},"content":{"rendered":"<p><\/p>\n<h1>Eln\u00e4t och elhandel<\/h1>\n<h3>Almn\u00e4s Bruk \u00e4ger eln\u00e4tet p\u00e5 landsbygden direkt s\u00f6der om Hjo t\u00e4tort.<\/h3>\n<p>Vi f\u00f6rbrukar sj\u00e4lva ungef\u00e4r 40% av den kraft vi k\u00f6per in. N\u00e4tet har ca 310 abonnenter, huvudsakligen lantbruk och privata hush\u00e5ll samt fritidsbost\u00e4der.<\/p>\n<p>Ett vindkraftverk, bel\u00e4get p\u00e5 Hj\u00e4ll\u00f6 g\u00e5rd \u00e4r anslutet till n\u00e4tet. All el som distribueras \u00e4r s\u00e5 kallad gr\u00f6n f\u00f6rnybar el.<\/p>\n<h3>Allm\u00e4nna avtalsvillkor (ladda ner)<\/h3>\n<ul>\n<li><a href=\"http:\/\/www.almnas.com\/el\/Eln%C3%A4t%20Konsument.doc\" target=\"_blank\" rel=\"noopener noreferrer\">Eln\u00e4t konsument<\/a><\/li>\n<li><a href=\"http:\/\/www.almnas.com\/el\/Elhandel%20Konsument.doc\" target=\"_blank\" rel=\"noopener noreferrer\">Elhandel konsument<\/a><\/li>\n<li><a href=\"http:\/\/www.almnas.com\/el\/Konsument%20r%C3%A4ttigheter,%20klagom%C3%A5l.doc\" target=\"_blank\" rel=\"noopener noreferrer\">Konsument r\u00e4ttigheter, klagom\u00e5l<\/a><\/li>\n<li><a href=\"http:\/\/www.almnas.com\/el\/Avbrottsers%C3%A4ttning.doc\" target=\"_blank\" rel=\"noopener noreferrer\">Avbrottsers\u00e4ttning<\/a><\/li>\n<li><a href=\"http:\/\/www.almnas.com\/tariff2012-2015.pdf\" target=\"_blank\" rel=\"noopener noreferrer\">N\u00e4ttariff 2012<\/a><\/li>\n<li><a href=\"http:\/\/www.almnas.com\/wp-content\/uploads\/2011\/11\/\u00c5rliga-rapporten-om-\u00e5tg\u00e4rder-enligt-\u00f6vervakningsplanen-2014.pdf\">\u00c5rliga rapporten om \u00e5tg\u00e4rder enligt \u00f6vervakningsplanen 2014<\/a><\/li>\n<\/ul>\n<p><\/p>","protected":false},"excerpt":{"rendered":"<p>Eln\u00e4t och elhandel Almn\u00e4s Bruk \u00e4ger eln\u00e4tet p\u00e5 landsbygden direkt s\u00f6der om Hjo t\u00e4tort. Vi f\u00f6rbrukar sj\u00e4lva ungef\u00e4r 40% av [&hellip;]<\/p>\n","protected":false},"author":3,"featured_media":0,"parent":0,"menu_order":46,"comment_status":"closed","ping_status":"open","template":"","meta":[],"_links":{"self":[{"href":"http:\/\/www.almnas.com\/de\/wp-json\/wp\/v2\/pages\/536"}],"collection":[{"href":"http:\/\/www.almnas.com\/de\/wp-json\/wp\/v2\/pages"}],"about":[{"href":"http:\/\/www.almnas.com\/de\/wp-json\/wp\/v2\/types\/page"}],"author":[{"embeddable":true,"href":"http:\/\/www.almnas.com\/de\/wp-json\/wp\/v2\/users\/3"}],"replies":[{"embeddable":true,"href":"http:\/\/www.almnas.com\/de\/wp-json\/wp\/v2\/comments?post=536"}],"version-history":[{"count":151,"href":"http:\/\/www.almnas.com\/de\/wp-json\/wp\/v2\/pages\/536\/revisions"}],"predecessor-version":[{"id":2114,"href":"http:\/\/www.almnas.com\/de\/wp-json\/wp\/v2\/pages\/536\/revisions\/2114"}],"wp:attachment":[{"href":"http:\/\/www.almnas.com\/de\/wp-json\/wp\/v2\/media?parent=536"}],"curies":[{"name":"wp","href":"https:\/\/api.w.org\/{rel}","templated":true}]}}