{"id":21,"date":"2011-11-17T20:03:53","date_gmt":"2011-11-17T20:03:53","guid":{"rendered":"http:\/\/showroom.nu\/almnas\/?page_id=21"},"modified":"2025-10-15T07:01:32","modified_gmt":"2025-10-15T05:01:32","slug":"kontakt","status":"publish","type":"page","link":"http:\/\/www.almnas.com\/de\/kontakt","title":{"rendered":"Kontakt"},"content":{"rendered":"<p><div class=\"fusion-builder-row fusion-builder-row-inner fusion-row\"><div class=\"fusion-layout-column fusion_builder_column_inner fusion-builder-nested-column-6 fusion_builder_column_inner_1_3 1_3 fusion-one-third fusion-column-first\" style=\"--awb-bg-size:cover;width:30.6666%; margin-right: 4%;\"><div class=\"fusion-column-wrapper fusion-flex-column-wrapper-legacy\">\n<h1>Kontakt<\/h1>\n<p><strong>Gesch\u00e4ftsleiter<\/strong><\/p>\n<p>Thomas Berglund,\u00a00705850621,\u00a0<a href=\"mailto:tb@almnas.com\">tb@almnas.com<\/a><\/p>\n<p><strong>K\u00e4serei<\/strong><\/p>\n<p>Krists Poots, 050316103, <a href=\"mailto:ost@almnas.com\">ost@almnas.com<\/a><\/p>\n<p><strong>Strohmnetz Anruf<\/strong><\/p>\n<p>Anruf\u00a00705850621<\/p>\n<p><strong>B\u00fcro und Buchhaltung<\/strong><\/p>\n<p>Lena Darolf, 050316005,\u00a0<a href=\"mailto:at@almnas.com\" target=\"_blank\" rel=\"noopener noreferrer\">at@almnas.com<\/a><\/p>\n<p><strong>Wohnungen\/Vermietung<\/strong><\/p>\n<p>Birgit \u00d6stervold, 0709420489,\u00a0<a href=\"mailto:birgit.ostervold@gmail.com\" target=\"_blank\" rel=\"noopener noreferrer\">birgit.ostervold@<wbr \/>gmail.com<\/a><\/p>\n<p><strong>Forstverwaltung<\/strong><\/p>\n<p>Simon Bylund 0706854014, <a href=\"mailto:sb@almnas.com\" target=\"_blank\" rel=\"noopener noreferrer\">sb@almnas.com<\/a><\/p>\n<p>Mikael Ehn 0703648334, \u00a0<a href=\"mailto:me@almnas.com\">me@almnas.com<\/a><\/p>\n<p><strong>Landwirdschaft Verwalter<\/strong><\/p>\n<p>Anders Widinghoff, 0706273707, <a href=\"mailto:aw@almnas.com\" target=\"_blank\" rel=\"noopener noreferrer\">aw@almnas.com<\/a><\/p>\n<p><strong>Almn\u00e4s Werkstatt<\/strong>,\u00a0050316012,\u00a0<a href=\"mailto:verkstad@almnas.com\" target=\"_blank\" rel=\"noopener noreferrer\">verkstad@almnas.com<\/a><\/p>\n<p><strong>Sj\u00f6bolet\u00a0Kuhstall<\/strong>, 0503785058, <a href=\"mailto:ko@almnas.com\" target=\"_blank\" rel=\"noopener noreferrer\">ko@almnas.com<\/a><\/p>\n<div class=\"fusion-clearfix\"><\/div><\/div><\/div><div class=\"fusion-layout-column fusion_builder_column_inner fusion-builder-nested-column-7 fusion_builder_column_inner_1_3 1_3 fusion-one-third\" style=\"--awb-bg-size:cover;width:30.6666%; margin-right: 4%;\"><div class=\"fusion-column-wrapper fusion-flex-column-wrapper-legacy\">\n<h1>B\u00fcro<\/h1>\n<p>Lena Darolf, 050316005,\u00a0<a href=\"mailto:at@almnas.com\" target=\"_blank\" rel=\"noopener noreferrer\">at@almnas.com<\/a><\/p>\n<p>Thomas Berglund, VD,\u00a00705850621,\u00a0<a href=\"mailto:tb@almnas.com\">tb@almnas.com<\/a><\/p>\n<p><strong>Adresse<\/strong><\/p>\n<p>Almn\u00e4s Bruk AB<\/p>\n<p>Almn\u00e4s<\/p>\n<p>544 94 HJO<\/p>\n<p><strong>Telefon<\/strong><\/p>\n<p>Telefon\u00a0050316005<\/p>\n<h1>K\u00e4seladen<\/h1>\n<p>Unser K\u00e4seladen ist wegen der Pandemie bis weiterhin geschlossen. Unser K\u00fchlschrank draussen ist aber immer zug\u00e4nglich und da k\u00f6nnen Sie sich selbst bedienen. Zahlung in bar oder Swish. Sie sind herzlich wilkommen!<\/p>\n<p>Krists Poots, 050316103, <a href=\"mailto:ost@almnas.com\">ost@almnas.com<\/a><\/p>\n<h1>Coala AB<\/h1>\n<p>Die Tochtergesellschaft Coala AB, die sich mit Energisparl\u00f6sungen im Bereich offentliche Beleuchtung besch\u00e4ftigt, liegt auch auf Almn\u00e4s. Besuchen Sie die Website\u00a0<a href=\"http:\/\/www.coala.se\" target=\"_blank\" rel=\"noopener noreferrer\">www.coala.se<\/a>.<\/p>\n<div class=\"fusion-clearfix\"><\/div><\/div><\/div><div class=\"fusion-layout-column fusion_builder_column_inner fusion-builder-nested-column-8 fusion_builder_column_inner_1_3 1_3 fusion-one-third fusion-column-last\" style=\"--awb-bg-size:cover;width:30.6666%;\"><div class=\"fusion-column-wrapper fusion-flex-column-wrapper-legacy\">\n<h1>Pressebilder &amp; video<\/h1>\n<p>F\u00fcr Pressebilder bitte Kontakt mit\u00a0Gesch\u00e4ftsleiter Thomas Berglund, Almn\u00e4s Bruk, oder Hoffotograf\u00a0Jesper Anhede nehmen.<\/p>\n<p>Thomas Berglund,\u00a00705850621,\u00a0<a href=\"mailto:tb@almnas.com\">tb@almnas.com<\/a><\/p>\n<p><a href=\"http:\/\/anhede.se\" target=\"_blank\" rel=\"noopener noreferrer\">Jesper Anhede<\/a>, 0706665866, <a href=\"mailto:jesper@anhede.se\">jesper@anhede.se<\/a><\/p>\n<p>Hier K\u00f6nnen Sie unser Bilderbank durchschauen\u00a0<a href=\"https:\/\/anhede.se\/cr\/galleries\/almnas\/almnas-image-gallery\/\" target=\"_blank\" rel=\"noopener noreferrer\">https:\/\/anhede.se\/cr\/galleries\/almnas\/almnas-image-gallery\/<\/a><\/p>\n<p>Unten einen auswahl von Bilder.<\/p>\n<div class=\"fusion-clearfix\"><\/div><\/div><\/div><\/div><\/p>\n<p>\n\t\t<style type=\"text\/css\">\n\t\t\t#gallery-3 {\n\t\t\t\tmargin: auto;\n\t\t\t}\n\t\t\t#gallery-3 .gallery-item {\n\t\t\t\tfloat: left;\n\t\t\t\tmargin-top: 10px;\n\t\t\t\ttext-align: center;\n\t\t\t\twidth: 20%;\n\t\t\t}\n\t\t\t#gallery-3 img {\n\t\t\t\tborder: 2px solid #cfcfcf;\n\t\t\t}\n\t\t\t#gallery-3 .gallery-caption {\n\t\t\t\tmargin-left: 0;\n\t\t\t}\n\t\t\t\/* see gallery_shortcode() in wp-includes\/media.php *\/\n\t\t<\/style>\n\t\t<div id='gallery-3' class='gallery galleryid-21 gallery-columns-5 gallery-size-thumbnail'><dl class='gallery-item'>\n\t\t\t<dt class='gallery-icon landscape'>\n\t\t\t\t<a data-rel=\"iLightbox[postimages]\" data-title=\"051007_5106-2\" data-caption=\"\" href='http:\/\/www.almnas.com\/wp-content\/uploads\/2015\/01\/051007_5106-2.jpg'><img width=\"150\" height=\"150\" src=\"http:\/\/www.almnas.com\/wp-content\/uploads\/2015\/01\/051007_5106-2-150x150.jpg\" class=\"attachment-thumbnail size-thumbnail\" alt=\"\" decoding=\"async\" srcset=\"http:\/\/www.almnas.com\/wp-content\/uploads\/2015\/01\/051007_5106-2-66x66.jpg 66w, http:\/\/www.almnas.com\/wp-content\/uploads\/2015\/01\/051007_5106-2-150x150.jpg 150w\" sizes=\"(max-width: 150px) 100vw, 150px\" \/><\/a>\n\t\t\t<\/dt><\/dl><dl class='gallery-item'>\n\t\t\t<dt class='gallery-icon landscape'>\n\t\t\t\t<a data-rel=\"iLightbox[postimages]\" data-title=\"060613_4984\" data-caption=\"\" href='http:\/\/www.almnas.com\/wp-content\/uploads\/2011\/11\/060613_4984.jpg'><img width=\"150\" height=\"150\" src=\"http:\/\/www.almnas.com\/wp-content\/uploads\/2011\/11\/060613_4984-150x150.jpg\" class=\"attachment-thumbnail size-thumbnail\" alt=\"\" decoding=\"async\" srcset=\"http:\/\/www.almnas.com\/wp-content\/uploads\/2011\/11\/060613_4984-66x66.jpg 66w, http:\/\/www.almnas.com\/wp-content\/uploads\/2011\/11\/060613_4984-150x150.jpg 150w\" sizes=\"(max-width: 150px) 100vw, 150px\" \/><\/a>\n\t\t\t<\/dt><\/dl><dl class='gallery-item'>\n\t\t\t<dt class='gallery-icon portrait'>\n\t\t\t\t<a data-rel=\"iLightbox[postimages]\" data-title=\"140920-073229-19292\" data-caption=\"\" href='http:\/\/www.almnas.com\/wp-content\/uploads\/2011\/11\/140920-073229-19292.jpg'><img width=\"150\" height=\"150\" src=\"http:\/\/www.almnas.com\/wp-content\/uploads\/2011\/11\/140920-073229-19292-150x150.jpg\" class=\"attachment-thumbnail size-thumbnail\" alt=\"\" decoding=\"async\" srcset=\"http:\/\/www.almnas.com\/wp-content\/uploads\/2011\/11\/140920-073229-19292-66x66.jpg 66w, http:\/\/www.almnas.com\/wp-content\/uploads\/2011\/11\/140920-073229-19292-150x150.jpg 150w\" sizes=\"(max-width: 150px) 100vw, 150px\" \/><\/a>\n\t\t\t<\/dt><\/dl><dl class='gallery-item'>\n\t\t\t<dt class='gallery-icon landscape'>\n\t\t\t\t<a data-rel=\"iLightbox[postimages]\" data-title=\"131030-155313-0487-2\" data-caption=\"\" href='http:\/\/www.almnas.com\/wp-content\/uploads\/2015\/01\/131030-155313-0487-2.jpg'><img width=\"150\" height=\"150\" src=\"http:\/\/www.almnas.com\/wp-content\/uploads\/2015\/01\/131030-155313-0487-2-150x150.jpg\" class=\"attachment-thumbnail size-thumbnail\" alt=\"\" decoding=\"async\" srcset=\"http:\/\/www.almnas.com\/wp-content\/uploads\/2015\/01\/131030-155313-0487-2-66x66.jpg 66w, http:\/\/www.almnas.com\/wp-content\/uploads\/2015\/01\/131030-155313-0487-2-150x150.jpg 150w\" sizes=\"(max-width: 150px) 100vw, 150px\" \/><\/a>\n\t\t\t<\/dt><\/dl><dl class='gallery-item'>\n\t\t\t<dt class='gallery-icon landscape'>\n\t\t\t\t<a data-rel=\"iLightbox[postimages]\" data-title=\"090916-8592\" data-caption=\"\" href='http:\/\/www.almnas.com\/wp-content\/uploads\/2011\/11\/090916-8592.jpg'><img width=\"150\" height=\"150\" src=\"http:\/\/www.almnas.com\/wp-content\/uploads\/2011\/11\/090916-8592-150x150.jpg\" class=\"attachment-thumbnail size-thumbnail\" alt=\"Thomas Berglund, Almn\u00e4s Bruk, Sweden\" decoding=\"async\" srcset=\"http:\/\/www.almnas.com\/wp-content\/uploads\/2011\/11\/090916-8592-66x66.jpg 66w, http:\/\/www.almnas.com\/wp-content\/uploads\/2011\/11\/090916-8592-150x150.jpg 150w, http:\/\/www.almnas.com\/wp-content\/uploads\/2011\/11\/090916-8592-300x300.jpg 300w, http:\/\/www.almnas.com\/wp-content\/uploads\/2011\/11\/090916-8592-1024x1024.jpg 1024w, http:\/\/www.almnas.com\/wp-content\/uploads\/2011\/11\/090916-8592.jpg 1160w\" sizes=\"(max-width: 150px) 100vw, 150px\" \/><\/a>\n\t\t\t<\/dt><\/dl><br style=\"clear: both\" \/><dl class='gallery-item'>\n\t\t\t<dt class='gallery-icon portrait'>\n\t\t\t\t<a data-rel=\"iLightbox[postimages]\" data-title=\"120814-7303\" data-caption=\"\" href='http:\/\/www.almnas.com\/wp-content\/uploads\/2015\/01\/120814-73031.jpg'><img width=\"150\" height=\"150\" src=\"http:\/\/www.almnas.com\/wp-content\/uploads\/2015\/01\/120814-73031-150x150.jpg\" class=\"attachment-thumbnail size-thumbnail\" alt=\"\" decoding=\"async\" srcset=\"http:\/\/www.almnas.com\/wp-content\/uploads\/2015\/01\/120814-73031-66x66.jpg 66w, http:\/\/www.almnas.com\/wp-content\/uploads\/2015\/01\/120814-73031-150x150.jpg 150w\" sizes=\"(max-width: 150px) 100vw, 150px\" \/><\/a>\n\t\t\t<\/dt><\/dl><dl class='gallery-item'>\n\t\t\t<dt class='gallery-icon landscape'>\n\t\t\t\t<a data-rel=\"iLightbox[postimages]\" data-title=\"140415-151118-9385\" data-caption=\"\" href='http:\/\/www.almnas.com\/wp-content\/uploads\/2015\/01\/140415-151118-9385.jpg'><img width=\"150\" height=\"150\" src=\"http:\/\/www.almnas.com\/wp-content\/uploads\/2015\/01\/140415-151118-9385-150x150.jpg\" class=\"attachment-thumbnail size-thumbnail\" alt=\"\" decoding=\"async\" srcset=\"http:\/\/www.almnas.com\/wp-content\/uploads\/2015\/01\/140415-151118-9385-66x66.jpg 66w, http:\/\/www.almnas.com\/wp-content\/uploads\/2015\/01\/140415-151118-9385-150x150.jpg 150w\" sizes=\"(max-width: 150px) 100vw, 150px\" \/><\/a>\n\t\t\t<\/dt><\/dl><dl class='gallery-item'>\n\t\t\t<dt class='gallery-icon landscape'>\n\t\t\t\t<a data-rel=\"iLightbox[postimages]\" data-title=\"110519-4953\" data-caption=\"\" href='http:\/\/www.almnas.com\/wp-content\/uploads\/2015\/01\/110519-4953.jpg'><img width=\"150\" height=\"150\" src=\"http:\/\/www.almnas.com\/wp-content\/uploads\/2015\/01\/110519-4953-150x150.jpg\" class=\"attachment-thumbnail size-thumbnail\" alt=\"\" decoding=\"async\" srcset=\"http:\/\/www.almnas.com\/wp-content\/uploads\/2015\/01\/110519-4953-66x66.jpg 66w, http:\/\/www.almnas.com\/wp-content\/uploads\/2015\/01\/110519-4953-150x150.jpg 150w\" sizes=\"(max-width: 150px) 100vw, 150px\" \/><\/a>\n\t\t\t<\/dt><\/dl><dl class='gallery-item'>\n\t\t\t<dt class='gallery-icon landscape'>\n\t\t\t\t<a data-rel=\"iLightbox[postimages]\" data-title=\"060922_0349-2\" data-caption=\"\" href='http:\/\/www.almnas.com\/wp-content\/uploads\/2015\/01\/060922_0349-2.jpg'><img width=\"150\" height=\"150\" src=\"http:\/\/www.almnas.com\/wp-content\/uploads\/2015\/01\/060922_0349-2-150x150.jpg\" class=\"attachment-thumbnail size-thumbnail\" alt=\"\" decoding=\"async\" srcset=\"http:\/\/www.almnas.com\/wp-content\/uploads\/2015\/01\/060922_0349-2-66x66.jpg 66w, http:\/\/www.almnas.com\/wp-content\/uploads\/2015\/01\/060922_0349-2-150x150.jpg 150w\" sizes=\"(max-width: 150px) 100vw, 150px\" \/><\/a>\n\t\t\t<\/dt><\/dl><dl class='gallery-item'>\n\t\t\t<dt class='gallery-icon landscape'>\n\t\t\t\t<a data-rel=\"iLightbox[postimages]\" data-title=\"110415-4060\" data-caption=\"\" href='http:\/\/www.almnas.com\/wp-content\/uploads\/2015\/01\/110415-4060.jpg'><img width=\"150\" height=\"150\" src=\"http:\/\/www.almnas.com\/wp-content\/uploads\/2015\/01\/110415-4060-150x150.jpg\" class=\"attachment-thumbnail size-thumbnail\" alt=\"\" decoding=\"async\" srcset=\"http:\/\/www.almnas.com\/wp-content\/uploads\/2015\/01\/110415-4060-66x66.jpg 66w, http:\/\/www.almnas.com\/wp-content\/uploads\/2015\/01\/110415-4060-150x150.jpg 150w\" sizes=\"(max-width: 150px) 100vw, 150px\" \/><\/a>\n\t\t\t<\/dt><\/dl><br style=\"clear: both\" \/>\n\t\t<\/div>\n<\/p>","protected":false},"excerpt":{"rendered":"","protected":false},"author":1,"featured_media":0,"parent":0,"menu_order":91,"comment_status":"closed","ping_status":"open","template":"contact.php","meta":[],"_links":{"self":[{"href":"http:\/\/www.almnas.com\/de\/wp-json\/wp\/v2\/pages\/21"}],"collection":[{"href":"http:\/\/www.almnas.com\/de\/wp-json\/wp\/v2\/pages"}],"about":[{"href":"http:\/\/www.almnas.com\/de\/wp-json\/wp\/v2\/types\/page"}],"author":[{"embeddable":true,"href":"http:\/\/www.almnas.com\/de\/wp-json\/wp\/v2\/users\/1"}],"replies":[{"embeddable":true,"href":"http:\/\/www.almnas.com\/de\/wp-json\/wp\/v2\/comments?post=21"}],"version-history":[{"count":119,"href":"http:\/\/www.almnas.com\/de\/wp-json\/wp\/v2\/pages\/21\/revisions"}],"predecessor-version":[{"id":2069,"href":"http:\/\/www.almnas.com\/de\/wp-json\/wp\/v2\/pages\/21\/revisions\/2069"}],"wp:attachment":[{"href":"http:\/\/www.almnas.com\/de\/wp-json\/wp\/v2\/media?parent=21"}],"curies":[{"name":"wp","href":"https:\/\/api.w.org\/{rel}","templated":true}]}}